{"id":353,"date":"2026-03-11T14:14:34","date_gmt":"2026-03-11T14:14:34","guid":{"rendered":"https:\/\/royal-karthago.ms3.decms.eu\/reiseziel\/ferme-aux-crocodiles\/"},"modified":"2026-03-30T10:32:28","modified_gmt":"2026-03-30T10:32:28","slug":"krokodilfarm-djerba","status":"publish","type":"page","link":"https:\/\/www.royal-karthago.com\/de\/reiseziel\/krokodilfarm-djerba\/","title":{"rendered":"Krokodilfarm Djerba"},"content":{"rendered":"<p style=\"text-align: center;\">Die <a href=\"https:\/\/www.djerbaexplore.com\/le-parc-aux-crocodiles\/\">Djerba Crocodile Farm<\/a> ist eine der Hauptattraktionen im <strong>Djerba Explore Park<\/strong>. Schon beim Betreten des Parks beginnt das Abenteuer: Hunderte Nil- und Madagaskar-Krokodile bewegen sich in einer sorgf\u00e4ltig nachgebildeten Umgebung. Mit \u00fcber 400 Reptilien, von denen einige fast drei Meter lang werden, ist dies die gr\u00f6\u00dfte Krokodilfarm im Mittelmeerraum \u2013 ein Ort, der gleicherma\u00dfen beeindruckt und fasziniert.<\/p>\n<p>&nbsp;<\/p>\n","protected":false},"excerpt":{"rendered":"<p>Die Djerba Crocodile Farm ist eine der Hauptattraktionen im Djerba Explore Park. Schon beim Betreten des Parks beginnt das Abenteuer: Hunderte Nil- und Madagaskar-Krokodile bewegen sich in einer sorgf\u00e4ltig nachgebildeten Umgebung. Mit \u00fcber 400 Reptilien, von denen einige fast drei Meter lang werden, ist dies die gr\u00f6\u00dfte Krokodilfarm im Mittelmeerraum \u2013 ein Ort, der gleicherma\u00dfen [&hellip;]<\/p>\n","protected":false},"author":13,"featured_media":0,"parent":333,"menu_order":0,"comment_status":"closed","ping_status":"closed","template":"template-single-service.php","meta":{"footnotes":""},"class_list":["post-353","page","type-page","status-publish","hentry"],"yoast_head":"<!-- This site is optimized with the Yoast SEO plugin v26.9 - https:\/\/yoast.com\/product\/yoast-seo-wordpress\/ -->\n<title>Krokodilfarm Djerba - Royal Karthago Djerba<\/title>\n<meta name=\"description\" content=\"Die Djerba Crocodile Farm ist eine der Hauptattraktionen im Djerba Explore Park. Schon beim Betreten des Parks beginnt das Abenteuer: Hunderte Nil- und Madagaskar-Krokodile bewegen sich in einer sorgf\u00e4ltig nachgebildeten Umgebung\" \/>\n<meta name=\"robots\" content=\"index, follow, max-snippet:-1, max-image-preview:large, max-video-preview:-1\" \/>\n<link rel=\"canonical\" href=\"https:\/\/www.royal-karthago.com\/de\/reiseziel\/krokodilfarm-djerba\/\" \/>\n<meta property=\"og:locale\" content=\"de_DE\" \/>\n<meta property=\"og:type\" content=\"article\" \/>\n<meta property=\"og:title\" content=\"Krokodilfarm Djerba - Royal Karthago Djerba\" \/>\n<meta property=\"og:description\" content=\"Die Djerba Crocodile Farm ist eine der Hauptattraktionen im Djerba Explore Park. Schon beim Betreten des Parks beginnt das Abenteuer: Hunderte Nil- und Madagaskar-Krokodile bewegen sich in einer sorgf\u00e4ltig nachgebildeten Umgebung\" \/>\n<meta property=\"og:url\" content=\"https:\/\/www.royal-karthago.com\/de\/reiseziel\/krokodilfarm-djerba\/\" \/>\n<meta property=\"og:site_name\" content=\"Royal Karthago Djerba\" \/>\n<meta property=\"article:modified_time\" content=\"2026-03-30T10:32:28+00:00\" \/>\n<meta name=\"twitter:card\" content=\"summary_large_image\" \/>\n<meta name=\"twitter:label1\" content=\"Est. reading time\" \/>\n\t<meta name=\"twitter:data1\" content=\"1\u00a0Minute\" \/>\n<script type=\"application\/ld+json\" class=\"yoast-schema-graph\">{\"@context\":\"https:\/\/schema.org\",\"@graph\":[{\"@type\":\"WebPage\",\"@id\":\"https:\/\/www.royal-karthago.com\/de\/reiseziel\/krokodilfarm-djerba\/\",\"url\":\"https:\/\/www.royal-karthago.com\/de\/reiseziel\/krokodilfarm-djerba\/\",\"name\":\"Krokodilfarm Djerba - Royal Karthago Djerba\",\"isPartOf\":{\"@id\":\"https:\/\/www.royal-karthago.com\/de\/#website\"},\"datePublished\":\"2026-03-11T14:14:34+00:00\",\"dateModified\":\"2026-03-30T10:32:28+00:00\",\"description\":\"Die Djerba Crocodile Farm ist eine der Hauptattraktionen im Djerba Explore Park. Schon beim Betreten des Parks beginnt das Abenteuer: Hunderte Nil- und Madagaskar-Krokodile bewegen sich in einer sorgf\u00e4ltig nachgebildeten Umgebung\",\"breadcrumb\":{\"@id\":\"https:\/\/www.royal-karthago.com\/de\/reiseziel\/krokodilfarm-djerba\/#breadcrumb\"},\"inLanguage\":\"de\",\"potentialAction\":[{\"@type\":\"ReadAction\",\"target\":[\"https:\/\/www.royal-karthago.com\/de\/reiseziel\/krokodilfarm-djerba\/\"]}]},{\"@type\":\"BreadcrumbList\",\"@id\":\"https:\/\/www.royal-karthago.com\/de\/reiseziel\/krokodilfarm-djerba\/#breadcrumb\",\"itemListElement\":[{\"@type\":\"ListItem\",\"position\":1,\"name\":\"Home\",\"item\":\"https:\/\/www.royal-karthago.com\/de\/\"},{\"@type\":\"ListItem\",\"position\":2,\"name\":\"Reiseziel\",\"item\":\"https:\/\/www.royal-karthago.com\/de\/aux-alentours\/\"},{\"@type\":\"ListItem\",\"position\":3,\"name\":\"Krokodilfarm Djerba\"}]},{\"@type\":\"WebSite\",\"@id\":\"https:\/\/www.royal-karthago.com\/de\/#website\",\"url\":\"https:\/\/www.royal-karthago.com\/de\/\",\"name\":\"Royal Karthago Djerba\",\"description\":\"\",\"potentialAction\":[{\"@type\":\"SearchAction\",\"target\":{\"@type\":\"EntryPoint\",\"urlTemplate\":\"https:\/\/www.royal-karthago.com\/de\/?s={search_term_string}\"},\"query-input\":{\"@type\":\"PropertyValueSpecification\",\"valueRequired\":true,\"valueName\":\"search_term_string\"}}],\"inLanguage\":\"de\"}]}<\/script>\n<!-- \/ Yoast SEO plugin. -->","yoast_head_json":{"title":"Krokodilfarm Djerba - Royal Karthago Djerba","description":"Die Djerba Crocodile Farm ist eine der Hauptattraktionen im Djerba Explore Park. Schon beim Betreten des Parks beginnt das Abenteuer: Hunderte Nil- und Madagaskar-Krokodile bewegen sich in einer sorgf\u00e4ltig nachgebildeten Umgebung","robots":{"index":"index","follow":"follow","max-snippet":"max-snippet:-1","max-image-preview":"max-image-preview:large","max-video-preview":"max-video-preview:-1"},"canonical":"https:\/\/www.royal-karthago.com\/de\/reiseziel\/krokodilfarm-djerba\/","og_locale":"de_DE","og_type":"article","og_title":"Krokodilfarm Djerba - Royal Karthago Djerba","og_description":"Die Djerba Crocodile Farm ist eine der Hauptattraktionen im Djerba Explore Park. Schon beim Betreten des Parks beginnt das Abenteuer: Hunderte Nil- und Madagaskar-Krokodile bewegen sich in einer sorgf\u00e4ltig nachgebildeten Umgebung","og_url":"https:\/\/www.royal-karthago.com\/de\/reiseziel\/krokodilfarm-djerba\/","og_site_name":"Royal Karthago Djerba","article_modified_time":"2026-03-30T10:32:28+00:00","twitter_card":"summary_large_image","twitter_misc":{"Est. reading time":"1\u00a0Minute"},"schema":{"@context":"https:\/\/schema.org","@graph":[{"@type":"WebPage","@id":"https:\/\/www.royal-karthago.com\/de\/reiseziel\/krokodilfarm-djerba\/","url":"https:\/\/www.royal-karthago.com\/de\/reiseziel\/krokodilfarm-djerba\/","name":"Krokodilfarm Djerba - Royal Karthago Djerba","isPartOf":{"@id":"https:\/\/www.royal-karthago.com\/de\/#website"},"datePublished":"2026-03-11T14:14:34+00:00","dateModified":"2026-03-30T10:32:28+00:00","description":"Die Djerba Crocodile Farm ist eine der Hauptattraktionen im Djerba Explore Park. Schon beim Betreten des Parks beginnt das Abenteuer: Hunderte Nil- und Madagaskar-Krokodile bewegen sich in einer sorgf\u00e4ltig nachgebildeten Umgebung","breadcrumb":{"@id":"https:\/\/www.royal-karthago.com\/de\/reiseziel\/krokodilfarm-djerba\/#breadcrumb"},"inLanguage":"de","potentialAction":[{"@type":"ReadAction","target":["https:\/\/www.royal-karthago.com\/de\/reiseziel\/krokodilfarm-djerba\/"]}]},{"@type":"BreadcrumbList","@id":"https:\/\/www.royal-karthago.com\/de\/reiseziel\/krokodilfarm-djerba\/#breadcrumb","itemListElement":[{"@type":"ListItem","position":1,"name":"Home","item":"https:\/\/www.royal-karthago.com\/de\/"},{"@type":"ListItem","position":2,"name":"Reiseziel","item":"https:\/\/www.royal-karthago.com\/de\/aux-alentours\/"},{"@type":"ListItem","position":3,"name":"Krokodilfarm Djerba"}]},{"@type":"WebSite","@id":"https:\/\/www.royal-karthago.com\/de\/#website","url":"https:\/\/www.royal-karthago.com\/de\/","name":"Royal Karthago Djerba","description":"","potentialAction":[{"@type":"SearchAction","target":{"@type":"EntryPoint","urlTemplate":"https:\/\/www.royal-karthago.com\/de\/?s={search_term_string}"},"query-input":{"@type":"PropertyValueSpecification","valueRequired":true,"valueName":"search_term_string"}}],"inLanguage":"de"}]}},"acf":[],"_links":{"self":[{"href":"https:\/\/www.royal-karthago.com\/de\/wp-json\/wp\/v2\/pages\/353","targetHints":{"allow":["GET"]}}],"collection":[{"href":"https:\/\/www.royal-karthago.com\/de\/wp-json\/wp\/v2\/pages"}],"about":[{"href":"https:\/\/www.royal-karthago.com\/de\/wp-json\/wp\/v2\/types\/page"}],"author":[{"embeddable":true,"href":"https:\/\/www.royal-karthago.com\/de\/wp-json\/wp\/v2\/users\/13"}],"replies":[{"embeddable":true,"href":"https:\/\/www.royal-karthago.com\/de\/wp-json\/wp\/v2\/comments?post=353"}],"version-history":[{"count":0,"href":"https:\/\/www.royal-karthago.com\/de\/wp-json\/wp\/v2\/pages\/353\/revisions"}],"up":[{"embeddable":true,"href":"https:\/\/www.royal-karthago.com\/de\/wp-json\/wp\/v2\/pages\/333"}],"wp:attachment":[{"href":"https:\/\/www.royal-karthago.com\/de\/wp-json\/wp\/v2\/media?parent=353"}],"curies":[{"name":"wp","href":"https:\/\/api.w.org\/{rel}","templated":true}]}}