{"id":349,"date":"2026-03-11T14:13:11","date_gmt":"2026-03-11T14:13:11","guid":{"rendered":"https:\/\/royal-karthago.ms3.decms.eu\/reiseziel\/grand-casino-djerba\/"},"modified":"2026-03-30T10:28:36","modified_gmt":"2026-03-30T10:28:36","slug":"grand-casino-djerba","status":"publish","type":"page","link":"https:\/\/www.royal-karthago.com\/de\/reiseziel\/grand-casino-djerba\/","title":{"rendered":"Grand Casino Djerba"},"content":{"rendered":"<p style=\"text-align: center;\">Nur 25 Autominuten vom <strong>Royal Karthago Thalasso &amp; Spa<\/strong> entfernt, ist das <a href=\"https:\/\/www.facebook.com\/casinodjofficiel\/?locale=fr_FR\">Grand Casino Djerba<\/a> ideal gelegen, um Ihren Abend mit einem Hauch Gl\u00fccksspiel zu bereichern. Seit seiner Er\u00f6ffnung im Jahr 2010 gilt das Casino als eines der f\u00fchrenden Unterhaltungsziele in Tunesien und ist ein Muss f\u00fcr alle, die Nervenkitzel und Eleganz verbinden m\u00f6chten.<\/p>\n","protected":false},"excerpt":{"rendered":"<p>Nur 25 Autominuten vom Royal Karthago Thalasso &amp; Spa entfernt, ist das Grand Casino Djerba ideal gelegen, um Ihren Abend mit einem Hauch Gl\u00fccksspiel zu bereichern. Seit seiner Er\u00f6ffnung im Jahr 2010 gilt das Casino als eines der f\u00fchrenden Unterhaltungsziele in Tunesien und ist ein Muss f\u00fcr alle, die Nervenkitzel und Eleganz verbinden m\u00f6chten.<\/p>\n","protected":false},"author":13,"featured_media":0,"parent":333,"menu_order":1,"comment_status":"closed","ping_status":"closed","template":"template-single-service.php","meta":{"footnotes":""},"class_list":["post-349","page","type-page","status-publish","hentry"],"yoast_head":"<!-- This site is optimized with the Yoast SEO plugin v26.9 - https:\/\/yoast.com\/product\/yoast-seo-wordpress\/ -->\n<title>Grand Casino Djerba - Royal Karthago Djerba<\/title>\n<meta name=\"description\" content=\"Nur 25 Autominuten vom Royal Karthago Thalasso &amp; Spa entfernt, ist das Grand Casino Djerba ideal gelegen, um Ihren Abend mit einem Hauch Gl\u00fccksspiel zu bereichern. Seit seiner Er\u00f6ffnung im Jahr 2010 gilt das Casino als eines der f\u00fchrenden Unterhaltungsziele in Tunesien und ist ein Muss f\u00fcr alle, die Nervenkitzel und Eleganz verbinden m\u00f6chten.\" \/>\n<meta name=\"robots\" content=\"index, follow, max-snippet:-1, max-image-preview:large, max-video-preview:-1\" \/>\n<link rel=\"canonical\" href=\"https:\/\/www.royal-karthago.com\/de\/reiseziel\/grand-casino-djerba\/\" \/>\n<meta property=\"og:locale\" content=\"de_DE\" \/>\n<meta property=\"og:type\" content=\"article\" \/>\n<meta property=\"og:title\" content=\"Grand Casino Djerba - Royal Karthago Djerba\" \/>\n<meta property=\"og:description\" content=\"Nur 25 Autominuten vom Royal Karthago Thalasso &amp; Spa entfernt, ist das Grand Casino Djerba ideal gelegen, um Ihren Abend mit einem Hauch Gl\u00fccksspiel zu bereichern. Seit seiner Er\u00f6ffnung im Jahr 2010 gilt das Casino als eines der f\u00fchrenden Unterhaltungsziele in Tunesien und ist ein Muss f\u00fcr alle, die Nervenkitzel und Eleganz verbinden m\u00f6chten.\" \/>\n<meta property=\"og:url\" content=\"https:\/\/www.royal-karthago.com\/de\/reiseziel\/grand-casino-djerba\/\" \/>\n<meta property=\"og:site_name\" content=\"Royal Karthago Djerba\" \/>\n<meta property=\"article:modified_time\" content=\"2026-03-30T10:28:36+00:00\" \/>\n<meta name=\"twitter:card\" content=\"summary_large_image\" \/>\n<meta name=\"twitter:label1\" content=\"Est. reading time\" \/>\n\t<meta name=\"twitter:data1\" content=\"1\u00a0Minute\" \/>\n<script type=\"application\/ld+json\" class=\"yoast-schema-graph\">{\"@context\":\"https:\/\/schema.org\",\"@graph\":[{\"@type\":\"WebPage\",\"@id\":\"https:\/\/www.royal-karthago.com\/de\/reiseziel\/grand-casino-djerba\/\",\"url\":\"https:\/\/www.royal-karthago.com\/de\/reiseziel\/grand-casino-djerba\/\",\"name\":\"Grand Casino Djerba - Royal Karthago Djerba\",\"isPartOf\":{\"@id\":\"https:\/\/www.royal-karthago.com\/de\/#website\"},\"datePublished\":\"2026-03-11T14:13:11+00:00\",\"dateModified\":\"2026-03-30T10:28:36+00:00\",\"description\":\"Nur 25 Autominuten vom Royal Karthago Thalasso &amp; Spa entfernt, ist das Grand Casino Djerba ideal gelegen, um Ihren Abend mit einem Hauch Gl\u00fccksspiel zu bereichern. Seit seiner Er\u00f6ffnung im Jahr 2010 gilt das Casino als eines der f\u00fchrenden Unterhaltungsziele in Tunesien und ist ein Muss f\u00fcr alle, die Nervenkitzel und Eleganz verbinden m\u00f6chten.\",\"breadcrumb\":{\"@id\":\"https:\/\/www.royal-karthago.com\/de\/reiseziel\/grand-casino-djerba\/#breadcrumb\"},\"inLanguage\":\"de\",\"potentialAction\":[{\"@type\":\"ReadAction\",\"target\":[\"https:\/\/www.royal-karthago.com\/de\/reiseziel\/grand-casino-djerba\/\"]}]},{\"@type\":\"BreadcrumbList\",\"@id\":\"https:\/\/www.royal-karthago.com\/de\/reiseziel\/grand-casino-djerba\/#breadcrumb\",\"itemListElement\":[{\"@type\":\"ListItem\",\"position\":1,\"name\":\"Home\",\"item\":\"https:\/\/www.royal-karthago.com\/de\/\"},{\"@type\":\"ListItem\",\"position\":2,\"name\":\"Reiseziel\",\"item\":\"https:\/\/www.royal-karthago.com\/de\/aux-alentours\/\"},{\"@type\":\"ListItem\",\"position\":3,\"name\":\"Grand Casino Djerba\"}]},{\"@type\":\"WebSite\",\"@id\":\"https:\/\/www.royal-karthago.com\/de\/#website\",\"url\":\"https:\/\/www.royal-karthago.com\/de\/\",\"name\":\"Royal Karthago Djerba\",\"description\":\"\",\"potentialAction\":[{\"@type\":\"SearchAction\",\"target\":{\"@type\":\"EntryPoint\",\"urlTemplate\":\"https:\/\/www.royal-karthago.com\/de\/?s={search_term_string}\"},\"query-input\":{\"@type\":\"PropertyValueSpecification\",\"valueRequired\":true,\"valueName\":\"search_term_string\"}}],\"inLanguage\":\"de\"}]}<\/script>\n<!-- \/ Yoast SEO plugin. -->","yoast_head_json":{"title":"Grand Casino Djerba - Royal Karthago Djerba","description":"Nur 25 Autominuten vom Royal Karthago Thalasso &amp; Spa entfernt, ist das Grand Casino Djerba ideal gelegen, um Ihren Abend mit einem Hauch Gl\u00fccksspiel zu bereichern. Seit seiner Er\u00f6ffnung im Jahr 2010 gilt das Casino als eines der f\u00fchrenden Unterhaltungsziele in Tunesien und ist ein Muss f\u00fcr alle, die Nervenkitzel und Eleganz verbinden m\u00f6chten.","robots":{"index":"index","follow":"follow","max-snippet":"max-snippet:-1","max-image-preview":"max-image-preview:large","max-video-preview":"max-video-preview:-1"},"canonical":"https:\/\/www.royal-karthago.com\/de\/reiseziel\/grand-casino-djerba\/","og_locale":"de_DE","og_type":"article","og_title":"Grand Casino Djerba - Royal Karthago Djerba","og_description":"Nur 25 Autominuten vom Royal Karthago Thalasso &amp; Spa entfernt, ist das Grand Casino Djerba ideal gelegen, um Ihren Abend mit einem Hauch Gl\u00fccksspiel zu bereichern. Seit seiner Er\u00f6ffnung im Jahr 2010 gilt das Casino als eines der f\u00fchrenden Unterhaltungsziele in Tunesien und ist ein Muss f\u00fcr alle, die Nervenkitzel und Eleganz verbinden m\u00f6chten.","og_url":"https:\/\/www.royal-karthago.com\/de\/reiseziel\/grand-casino-djerba\/","og_site_name":"Royal Karthago Djerba","article_modified_time":"2026-03-30T10:28:36+00:00","twitter_card":"summary_large_image","twitter_misc":{"Est. reading time":"1\u00a0Minute"},"schema":{"@context":"https:\/\/schema.org","@graph":[{"@type":"WebPage","@id":"https:\/\/www.royal-karthago.com\/de\/reiseziel\/grand-casino-djerba\/","url":"https:\/\/www.royal-karthago.com\/de\/reiseziel\/grand-casino-djerba\/","name":"Grand Casino Djerba - Royal Karthago Djerba","isPartOf":{"@id":"https:\/\/www.royal-karthago.com\/de\/#website"},"datePublished":"2026-03-11T14:13:11+00:00","dateModified":"2026-03-30T10:28:36+00:00","description":"Nur 25 Autominuten vom Royal Karthago Thalasso &amp; Spa entfernt, ist das Grand Casino Djerba ideal gelegen, um Ihren Abend mit einem Hauch Gl\u00fccksspiel zu bereichern. Seit seiner Er\u00f6ffnung im Jahr 2010 gilt das Casino als eines der f\u00fchrenden Unterhaltungsziele in Tunesien und ist ein Muss f\u00fcr alle, die Nervenkitzel und Eleganz verbinden m\u00f6chten.","breadcrumb":{"@id":"https:\/\/www.royal-karthago.com\/de\/reiseziel\/grand-casino-djerba\/#breadcrumb"},"inLanguage":"de","potentialAction":[{"@type":"ReadAction","target":["https:\/\/www.royal-karthago.com\/de\/reiseziel\/grand-casino-djerba\/"]}]},{"@type":"BreadcrumbList","@id":"https:\/\/www.royal-karthago.com\/de\/reiseziel\/grand-casino-djerba\/#breadcrumb","itemListElement":[{"@type":"ListItem","position":1,"name":"Home","item":"https:\/\/www.royal-karthago.com\/de\/"},{"@type":"ListItem","position":2,"name":"Reiseziel","item":"https:\/\/www.royal-karthago.com\/de\/aux-alentours\/"},{"@type":"ListItem","position":3,"name":"Grand Casino Djerba"}]},{"@type":"WebSite","@id":"https:\/\/www.royal-karthago.com\/de\/#website","url":"https:\/\/www.royal-karthago.com\/de\/","name":"Royal Karthago Djerba","description":"","potentialAction":[{"@type":"SearchAction","target":{"@type":"EntryPoint","urlTemplate":"https:\/\/www.royal-karthago.com\/de\/?s={search_term_string}"},"query-input":{"@type":"PropertyValueSpecification","valueRequired":true,"valueName":"search_term_string"}}],"inLanguage":"de"}]}},"acf":[],"_links":{"self":[{"href":"https:\/\/www.royal-karthago.com\/de\/wp-json\/wp\/v2\/pages\/349","targetHints":{"allow":["GET"]}}],"collection":[{"href":"https:\/\/www.royal-karthago.com\/de\/wp-json\/wp\/v2\/pages"}],"about":[{"href":"https:\/\/www.royal-karthago.com\/de\/wp-json\/wp\/v2\/types\/page"}],"author":[{"embeddable":true,"href":"https:\/\/www.royal-karthago.com\/de\/wp-json\/wp\/v2\/users\/13"}],"replies":[{"embeddable":true,"href":"https:\/\/www.royal-karthago.com\/de\/wp-json\/wp\/v2\/comments?post=349"}],"version-history":[{"count":0,"href":"https:\/\/www.royal-karthago.com\/de\/wp-json\/wp\/v2\/pages\/349\/revisions"}],"up":[{"embeddable":true,"href":"https:\/\/www.royal-karthago.com\/de\/wp-json\/wp\/v2\/pages\/333"}],"wp:attachment":[{"href":"https:\/\/www.royal-karthago.com\/de\/wp-json\/wp\/v2\/media?parent=349"}],"curies":[{"name":"wp","href":"https:\/\/api.w.org\/{rel}","templated":true}]}}