{"id":341,"date":"2026-03-11T14:09:48","date_gmt":"2026-03-11T14:09:48","guid":{"rendered":"https:\/\/royal-karthago.ms3.decms.eu\/reiseziel\/djerba-golf-club\/"},"modified":"2026-03-31T09:20:58","modified_gmt":"2026-03-31T09:20:58","slug":"djerba-golf-club","status":"publish","type":"page","link":"https:\/\/www.royal-karthago.com\/de\/reiseziel\/djerba-golf-club\/","title":{"rendered":"Djerba Golf Club"},"content":{"rendered":"<p style=\"text-align: center;\">Als Hotel in der N\u00e4he des Golfplatzes in Djerba genie\u00dft das <strong>Royal Karthago Thalasso &amp; Spa<\/strong> eine ideale Lage. Eingebettet in eine Palmenoase, geh\u00f6rt der <a href=\"https:\/\/www.djerbagolf.com.tn\/\">Djerba Golf Club<\/a> zu den bekanntesten Golfpl\u00e4tzen der Insel. Nur 15 Autominuten entfernt, erstreckt sich der Club wie eine sportliche Oase zwischen Himmel, Meer und mediterraner Vegetation. F\u00fcr besonders motivierte G\u00e4ste ist der Golfplatz in etwa 30 Minuten zu Fu\u00df erreichbar.<\/p>\n","protected":false},"excerpt":{"rendered":"<p>Als Hotel in der N\u00e4he des Golfplatzes in Djerba genie\u00dft das Royal Karthago Thalasso &amp; Spa eine ideale Lage. Eingebettet in eine Palmenoase, geh\u00f6rt der Djerba Golf Club zu den bekanntesten Golfpl\u00e4tzen der Insel. Nur 15 Autominuten entfernt, erstreckt sich der Club wie eine sportliche Oase zwischen Himmel, Meer und mediterraner Vegetation. F\u00fcr besonders motivierte [&hellip;]<\/p>\n","protected":false},"author":13,"featured_media":0,"parent":333,"menu_order":3,"comment_status":"closed","ping_status":"closed","template":"template-single-service.php","meta":{"footnotes":""},"class_list":["post-341","page","type-page","status-publish","hentry"],"yoast_head":"<!-- This site is optimized with the Yoast SEO plugin v26.9 - https:\/\/yoast.com\/product\/yoast-seo-wordpress\/ -->\n<title>Djerba Golf Club - Royal Karthago Djerba<\/title>\n<meta name=\"description\" content=\"Als Hotel in der N\u00e4he des Golfplatzes in Djerba genie\u00dft das Royal Karthago Thalasso &amp; Spa eine ideale Lage. Eingebettet in eine Palmenoase, geh\u00f6rt der Djerba Golf Club zu den bekanntesten Golfpl\u00e4tzen der Insel\" \/>\n<meta name=\"robots\" content=\"index, follow, max-snippet:-1, max-image-preview:large, max-video-preview:-1\" \/>\n<link rel=\"canonical\" href=\"https:\/\/www.royal-karthago.com\/de\/reiseziel\/djerba-golf-club\/\" \/>\n<meta property=\"og:locale\" content=\"de_DE\" \/>\n<meta property=\"og:type\" content=\"article\" \/>\n<meta property=\"og:title\" content=\"Djerba Golf Club - Royal Karthago Djerba\" \/>\n<meta property=\"og:description\" content=\"Als Hotel in der N\u00e4he des Golfplatzes in Djerba genie\u00dft das Royal Karthago Thalasso &amp; Spa eine ideale Lage. Eingebettet in eine Palmenoase, geh\u00f6rt der Djerba Golf Club zu den bekanntesten Golfpl\u00e4tzen der Insel\" \/>\n<meta property=\"og:url\" content=\"https:\/\/www.royal-karthago.com\/de\/reiseziel\/djerba-golf-club\/\" \/>\n<meta property=\"og:site_name\" content=\"Royal Karthago Djerba\" \/>\n<meta property=\"article:modified_time\" content=\"2026-03-31T09:20:58+00:00\" \/>\n<meta name=\"twitter:card\" content=\"summary_large_image\" \/>\n<meta name=\"twitter:label1\" content=\"Est. reading time\" \/>\n\t<meta name=\"twitter:data1\" content=\"1\u00a0Minute\" \/>\n<script type=\"application\/ld+json\" class=\"yoast-schema-graph\">{\"@context\":\"https:\/\/schema.org\",\"@graph\":[{\"@type\":\"WebPage\",\"@id\":\"https:\/\/www.royal-karthago.com\/de\/reiseziel\/djerba-golf-club\/\",\"url\":\"https:\/\/www.royal-karthago.com\/de\/reiseziel\/djerba-golf-club\/\",\"name\":\"Djerba Golf Club - Royal Karthago Djerba\",\"isPartOf\":{\"@id\":\"https:\/\/www.royal-karthago.com\/de\/#website\"},\"datePublished\":\"2026-03-11T14:09:48+00:00\",\"dateModified\":\"2026-03-31T09:20:58+00:00\",\"description\":\"Als Hotel in der N\u00e4he des Golfplatzes in Djerba genie\u00dft das Royal Karthago Thalasso &amp; Spa eine ideale Lage. Eingebettet in eine Palmenoase, geh\u00f6rt der Djerba Golf Club zu den bekanntesten Golfpl\u00e4tzen der Insel\",\"breadcrumb\":{\"@id\":\"https:\/\/www.royal-karthago.com\/de\/reiseziel\/djerba-golf-club\/#breadcrumb\"},\"inLanguage\":\"de\",\"potentialAction\":[{\"@type\":\"ReadAction\",\"target\":[\"https:\/\/www.royal-karthago.com\/de\/reiseziel\/djerba-golf-club\/\"]}]},{\"@type\":\"BreadcrumbList\",\"@id\":\"https:\/\/www.royal-karthago.com\/de\/reiseziel\/djerba-golf-club\/#breadcrumb\",\"itemListElement\":[{\"@type\":\"ListItem\",\"position\":1,\"name\":\"Home\",\"item\":\"https:\/\/www.royal-karthago.com\/de\/\"},{\"@type\":\"ListItem\",\"position\":2,\"name\":\"Reiseziel\",\"item\":\"https:\/\/www.royal-karthago.com\/de\/aux-alentours\/\"},{\"@type\":\"ListItem\",\"position\":3,\"name\":\"Djerba Golf Club\"}]},{\"@type\":\"WebSite\",\"@id\":\"https:\/\/www.royal-karthago.com\/de\/#website\",\"url\":\"https:\/\/www.royal-karthago.com\/de\/\",\"name\":\"Royal Karthago Djerba\",\"description\":\"\",\"potentialAction\":[{\"@type\":\"SearchAction\",\"target\":{\"@type\":\"EntryPoint\",\"urlTemplate\":\"https:\/\/www.royal-karthago.com\/de\/?s={search_term_string}\"},\"query-input\":{\"@type\":\"PropertyValueSpecification\",\"valueRequired\":true,\"valueName\":\"search_term_string\"}}],\"inLanguage\":\"de\"}]}<\/script>\n<!-- \/ Yoast SEO plugin. -->","yoast_head_json":{"title":"Djerba Golf Club - Royal Karthago Djerba","description":"Als Hotel in der N\u00e4he des Golfplatzes in Djerba genie\u00dft das Royal Karthago Thalasso &amp; Spa eine ideale Lage. Eingebettet in eine Palmenoase, geh\u00f6rt der Djerba Golf Club zu den bekanntesten Golfpl\u00e4tzen der Insel","robots":{"index":"index","follow":"follow","max-snippet":"max-snippet:-1","max-image-preview":"max-image-preview:large","max-video-preview":"max-video-preview:-1"},"canonical":"https:\/\/www.royal-karthago.com\/de\/reiseziel\/djerba-golf-club\/","og_locale":"de_DE","og_type":"article","og_title":"Djerba Golf Club - Royal Karthago Djerba","og_description":"Als Hotel in der N\u00e4he des Golfplatzes in Djerba genie\u00dft das Royal Karthago Thalasso &amp; Spa eine ideale Lage. Eingebettet in eine Palmenoase, geh\u00f6rt der Djerba Golf Club zu den bekanntesten Golfpl\u00e4tzen der Insel","og_url":"https:\/\/www.royal-karthago.com\/de\/reiseziel\/djerba-golf-club\/","og_site_name":"Royal Karthago Djerba","article_modified_time":"2026-03-31T09:20:58+00:00","twitter_card":"summary_large_image","twitter_misc":{"Est. reading time":"1\u00a0Minute"},"schema":{"@context":"https:\/\/schema.org","@graph":[{"@type":"WebPage","@id":"https:\/\/www.royal-karthago.com\/de\/reiseziel\/djerba-golf-club\/","url":"https:\/\/www.royal-karthago.com\/de\/reiseziel\/djerba-golf-club\/","name":"Djerba Golf Club - Royal Karthago Djerba","isPartOf":{"@id":"https:\/\/www.royal-karthago.com\/de\/#website"},"datePublished":"2026-03-11T14:09:48+00:00","dateModified":"2026-03-31T09:20:58+00:00","description":"Als Hotel in der N\u00e4he des Golfplatzes in Djerba genie\u00dft das Royal Karthago Thalasso &amp; Spa eine ideale Lage. Eingebettet in eine Palmenoase, geh\u00f6rt der Djerba Golf Club zu den bekanntesten Golfpl\u00e4tzen der Insel","breadcrumb":{"@id":"https:\/\/www.royal-karthago.com\/de\/reiseziel\/djerba-golf-club\/#breadcrumb"},"inLanguage":"de","potentialAction":[{"@type":"ReadAction","target":["https:\/\/www.royal-karthago.com\/de\/reiseziel\/djerba-golf-club\/"]}]},{"@type":"BreadcrumbList","@id":"https:\/\/www.royal-karthago.com\/de\/reiseziel\/djerba-golf-club\/#breadcrumb","itemListElement":[{"@type":"ListItem","position":1,"name":"Home","item":"https:\/\/www.royal-karthago.com\/de\/"},{"@type":"ListItem","position":2,"name":"Reiseziel","item":"https:\/\/www.royal-karthago.com\/de\/aux-alentours\/"},{"@type":"ListItem","position":3,"name":"Djerba Golf Club"}]},{"@type":"WebSite","@id":"https:\/\/www.royal-karthago.com\/de\/#website","url":"https:\/\/www.royal-karthago.com\/de\/","name":"Royal Karthago Djerba","description":"","potentialAction":[{"@type":"SearchAction","target":{"@type":"EntryPoint","urlTemplate":"https:\/\/www.royal-karthago.com\/de\/?s={search_term_string}"},"query-input":{"@type":"PropertyValueSpecification","valueRequired":true,"valueName":"search_term_string"}}],"inLanguage":"de"}]}},"acf":[],"_links":{"self":[{"href":"https:\/\/www.royal-karthago.com\/de\/wp-json\/wp\/v2\/pages\/341","targetHints":{"allow":["GET"]}}],"collection":[{"href":"https:\/\/www.royal-karthago.com\/de\/wp-json\/wp\/v2\/pages"}],"about":[{"href":"https:\/\/www.royal-karthago.com\/de\/wp-json\/wp\/v2\/types\/page"}],"author":[{"embeddable":true,"href":"https:\/\/www.royal-karthago.com\/de\/wp-json\/wp\/v2\/users\/13"}],"replies":[{"embeddable":true,"href":"https:\/\/www.royal-karthago.com\/de\/wp-json\/wp\/v2\/comments?post=341"}],"version-history":[{"count":0,"href":"https:\/\/www.royal-karthago.com\/de\/wp-json\/wp\/v2\/pages\/341\/revisions"}],"up":[{"embeddable":true,"href":"https:\/\/www.royal-karthago.com\/de\/wp-json\/wp\/v2\/pages\/333"}],"wp:attachment":[{"href":"https:\/\/www.royal-karthago.com\/de\/wp-json\/wp\/v2\/media?parent=341"}],"curies":[{"name":"wp","href":"https:\/\/api.w.org\/{rel}","templated":true}]}}