{"id":337,"date":"2026-03-11T14:15:08","date_gmt":"2026-03-11T14:15:08","guid":{"rendered":"https:\/\/royal-karthago.ms3.decms.eu\/localisation\/"},"modified":"2026-03-30T10:16:04","modified_gmt":"2026-03-30T10:16:04","slug":"lage","status":"publish","type":"page","link":"https:\/\/www.royal-karthago.com\/de\/lage\/","title":{"rendered":"Lage"},"content":{"rendered":"<p>Das <strong>Royal Karthago Thalasso &amp; Spa<\/strong> genie\u00dft eine strategische Lage an der Ostk\u00fcste der Insel Djerba in Tunesien. Entworfen wie ein traditionelles djerbisches Dorf, bietet das Hotel die Ruhe eines exklusiven 4-Sterne-Resorts und zugleich eine perfekte Anbindung an die wichtigsten Sehensw\u00fcrdigkeiten und Verkehrsinfrastrukturen der Insel. Die privilegierte Lage unseres Hauses erleichtert Ihre Mobilit\u00e4t und maximiert Ihre Erholungsmomente:<\/p>\n<ul>\n<li><strong>Internationaler Flughafen Djerba-Zarzis:<\/strong> Nur 40 Autominuten entfernt, ideal f\u00fcr stressfreie An- und Abreisen.<\/li>\n<li><strong>Touristische Zone Midoun:<\/strong> Das <a href=\"https:\/\/www.routard.com\/fr\/guide\/afrique\/tunisie\/djerba-jerba\/midoun\">Zentrum von Midoun<\/a> mit seinen Gesch\u00e4ften erreichen Sie in weniger als 15 Minuten.<\/li>\n<li><strong>Transportm\u00f6glichkeiten:<\/strong> Eine permanente Taxistation befindet sich direkt am Hoteleingang, und unsere Rezeption organisiert Transfers sowie Mietservices f\u00fcr Autos, Roller und Fahrr\u00e4der.<\/li>\n<\/ul>\n<p>Ein Aufenthalt im Royal Karthago bedeutet die Freiheit, Ihren Urlaub flexibel zu gestalten: Genie\u00dfen Sie die Ruhe des Thalasso-Zentrums und wechseln Sie problemlos zwischen erholsamen Momenten und aufregenden Ausfl\u00fcgen zu den Sehensw\u00fcrdigkeiten Djerbas \u2013 ohne lange Anfahrtswege.<\/p>\n","protected":false},"excerpt":{"rendered":"<p>Das Royal Karthago Thalasso &amp; Spa genie\u00dft eine strategische Lage an der Ostk\u00fcste der Insel Djerba in Tunesien. Entworfen wie ein traditionelles djerbisches Dorf, bietet das Hotel die Ruhe eines exklusiven 4-Sterne-Resorts und zugleich eine perfekte Anbindung an die wichtigsten Sehensw\u00fcrdigkeiten und Verkehrsinfrastrukturen der Insel. Die privilegierte Lage unseres Hauses erleichtert Ihre Mobilit\u00e4t und maximiert [&hellip;]<\/p>\n","protected":false},"author":13,"featured_media":0,"parent":0,"menu_order":9,"comment_status":"closed","ping_status":"closed","template":"template-location.php","meta":{"footnotes":""},"class_list":["post-337","page","type-page","status-publish","hentry"],"yoast_head":"<!-- This site is optimized with the Yoast SEO plugin v26.9 - https:\/\/yoast.com\/product\/yoast-seo-wordpress\/ -->\n<title>Lage - Royal Karthago Djerba<\/title>\n<meta name=\"description\" content=\"Das Royal Karthago Thalasso &amp; Spa genie\u00dft eine strategische Lage an der Ostk\u00fcste der Insel Djerba in Tunesien. Entworfen wie ein traditionelles djerbisches Dorf, bietet das Hotel die Ruhe eines exklusiven 4-Sterne-Resorts und zugleich eine perfekte Anbindung an die wichtigsten Sehensw\u00fcrdigkeiten und Verkehrsinfrastrukturen der Insel\" \/>\n<meta name=\"robots\" content=\"index, follow, max-snippet:-1, max-image-preview:large, max-video-preview:-1\" \/>\n<link rel=\"canonical\" href=\"https:\/\/www.royal-karthago.com\/de\/lage\/\" \/>\n<meta property=\"og:locale\" content=\"de_DE\" \/>\n<meta property=\"og:type\" content=\"article\" \/>\n<meta property=\"og:title\" content=\"Lage - Royal Karthago Djerba\" \/>\n<meta property=\"og:description\" content=\"Das Royal Karthago Thalasso &amp; Spa genie\u00dft eine strategische Lage an der Ostk\u00fcste der Insel Djerba in Tunesien. Entworfen wie ein traditionelles djerbisches Dorf, bietet das Hotel die Ruhe eines exklusiven 4-Sterne-Resorts und zugleich eine perfekte Anbindung an die wichtigsten Sehensw\u00fcrdigkeiten und Verkehrsinfrastrukturen der Insel\" \/>\n<meta property=\"og:url\" content=\"https:\/\/www.royal-karthago.com\/de\/lage\/\" \/>\n<meta property=\"og:site_name\" content=\"Royal Karthago Djerba\" \/>\n<meta property=\"article:modified_time\" content=\"2026-03-30T10:16:04+00:00\" \/>\n<meta name=\"twitter:card\" content=\"summary_large_image\" \/>\n<meta name=\"twitter:label1\" content=\"Est. reading time\" \/>\n\t<meta name=\"twitter:data1\" content=\"1\u00a0Minute\" \/>\n<script type=\"application\/ld+json\" class=\"yoast-schema-graph\">{\"@context\":\"https:\/\/schema.org\",\"@graph\":[{\"@type\":\"WebPage\",\"@id\":\"https:\/\/www.royal-karthago.com\/de\/lage\/\",\"url\":\"https:\/\/www.royal-karthago.com\/de\/lage\/\",\"name\":\"Lage - Royal Karthago Djerba\",\"isPartOf\":{\"@id\":\"https:\/\/www.royal-karthago.com\/de\/#website\"},\"datePublished\":\"2026-03-11T14:15:08+00:00\",\"dateModified\":\"2026-03-30T10:16:04+00:00\",\"description\":\"Das Royal Karthago Thalasso &amp; Spa genie\u00dft eine strategische Lage an der Ostk\u00fcste der Insel Djerba in Tunesien. Entworfen wie ein traditionelles djerbisches Dorf, bietet das Hotel die Ruhe eines exklusiven 4-Sterne-Resorts und zugleich eine perfekte Anbindung an die wichtigsten Sehensw\u00fcrdigkeiten und Verkehrsinfrastrukturen der Insel\",\"breadcrumb\":{\"@id\":\"https:\/\/www.royal-karthago.com\/de\/lage\/#breadcrumb\"},\"inLanguage\":\"de\",\"potentialAction\":[{\"@type\":\"ReadAction\",\"target\":[\"https:\/\/www.royal-karthago.com\/de\/lage\/\"]}]},{\"@type\":\"BreadcrumbList\",\"@id\":\"https:\/\/www.royal-karthago.com\/de\/lage\/#breadcrumb\",\"itemListElement\":[{\"@type\":\"ListItem\",\"position\":1,\"name\":\"Home\",\"item\":\"https:\/\/www.royal-karthago.com\/de\/\"},{\"@type\":\"ListItem\",\"position\":2,\"name\":\"Lage\"}]},{\"@type\":\"WebSite\",\"@id\":\"https:\/\/www.royal-karthago.com\/de\/#website\",\"url\":\"https:\/\/www.royal-karthago.com\/de\/\",\"name\":\"Royal Karthago Djerba\",\"description\":\"\",\"potentialAction\":[{\"@type\":\"SearchAction\",\"target\":{\"@type\":\"EntryPoint\",\"urlTemplate\":\"https:\/\/www.royal-karthago.com\/de\/?s={search_term_string}\"},\"query-input\":{\"@type\":\"PropertyValueSpecification\",\"valueRequired\":true,\"valueName\":\"search_term_string\"}}],\"inLanguage\":\"de\"}]}<\/script>\n<!-- \/ Yoast SEO plugin. -->","yoast_head_json":{"title":"Lage - Royal Karthago Djerba","description":"Das Royal Karthago Thalasso &amp; Spa genie\u00dft eine strategische Lage an der Ostk\u00fcste der Insel Djerba in Tunesien. Entworfen wie ein traditionelles djerbisches Dorf, bietet das Hotel die Ruhe eines exklusiven 4-Sterne-Resorts und zugleich eine perfekte Anbindung an die wichtigsten Sehensw\u00fcrdigkeiten und Verkehrsinfrastrukturen der Insel","robots":{"index":"index","follow":"follow","max-snippet":"max-snippet:-1","max-image-preview":"max-image-preview:large","max-video-preview":"max-video-preview:-1"},"canonical":"https:\/\/www.royal-karthago.com\/de\/lage\/","og_locale":"de_DE","og_type":"article","og_title":"Lage - Royal Karthago Djerba","og_description":"Das Royal Karthago Thalasso &amp; Spa genie\u00dft eine strategische Lage an der Ostk\u00fcste der Insel Djerba in Tunesien. Entworfen wie ein traditionelles djerbisches Dorf, bietet das Hotel die Ruhe eines exklusiven 4-Sterne-Resorts und zugleich eine perfekte Anbindung an die wichtigsten Sehensw\u00fcrdigkeiten und Verkehrsinfrastrukturen der Insel","og_url":"https:\/\/www.royal-karthago.com\/de\/lage\/","og_site_name":"Royal Karthago Djerba","article_modified_time":"2026-03-30T10:16:04+00:00","twitter_card":"summary_large_image","twitter_misc":{"Est. reading time":"1\u00a0Minute"},"schema":{"@context":"https:\/\/schema.org","@graph":[{"@type":"WebPage","@id":"https:\/\/www.royal-karthago.com\/de\/lage\/","url":"https:\/\/www.royal-karthago.com\/de\/lage\/","name":"Lage - Royal Karthago Djerba","isPartOf":{"@id":"https:\/\/www.royal-karthago.com\/de\/#website"},"datePublished":"2026-03-11T14:15:08+00:00","dateModified":"2026-03-30T10:16:04+00:00","description":"Das Royal Karthago Thalasso &amp; Spa genie\u00dft eine strategische Lage an der Ostk\u00fcste der Insel Djerba in Tunesien. Entworfen wie ein traditionelles djerbisches Dorf, bietet das Hotel die Ruhe eines exklusiven 4-Sterne-Resorts und zugleich eine perfekte Anbindung an die wichtigsten Sehensw\u00fcrdigkeiten und Verkehrsinfrastrukturen der Insel","breadcrumb":{"@id":"https:\/\/www.royal-karthago.com\/de\/lage\/#breadcrumb"},"inLanguage":"de","potentialAction":[{"@type":"ReadAction","target":["https:\/\/www.royal-karthago.com\/de\/lage\/"]}]},{"@type":"BreadcrumbList","@id":"https:\/\/www.royal-karthago.com\/de\/lage\/#breadcrumb","itemListElement":[{"@type":"ListItem","position":1,"name":"Home","item":"https:\/\/www.royal-karthago.com\/de\/"},{"@type":"ListItem","position":2,"name":"Lage"}]},{"@type":"WebSite","@id":"https:\/\/www.royal-karthago.com\/de\/#website","url":"https:\/\/www.royal-karthago.com\/de\/","name":"Royal Karthago Djerba","description":"","potentialAction":[{"@type":"SearchAction","target":{"@type":"EntryPoint","urlTemplate":"https:\/\/www.royal-karthago.com\/de\/?s={search_term_string}"},"query-input":{"@type":"PropertyValueSpecification","valueRequired":true,"valueName":"search_term_string"}}],"inLanguage":"de"}]}},"acf":[],"_links":{"self":[{"href":"https:\/\/www.royal-karthago.com\/de\/wp-json\/wp\/v2\/pages\/337","targetHints":{"allow":["GET"]}}],"collection":[{"href":"https:\/\/www.royal-karthago.com\/de\/wp-json\/wp\/v2\/pages"}],"about":[{"href":"https:\/\/www.royal-karthago.com\/de\/wp-json\/wp\/v2\/types\/page"}],"author":[{"embeddable":true,"href":"https:\/\/www.royal-karthago.com\/de\/wp-json\/wp\/v2\/users\/13"}],"replies":[{"embeddable":true,"href":"https:\/\/www.royal-karthago.com\/de\/wp-json\/wp\/v2\/comments?post=337"}],"version-history":[{"count":0,"href":"https:\/\/www.royal-karthago.com\/de\/wp-json\/wp\/v2\/pages\/337\/revisions"}],"wp:attachment":[{"href":"https:\/\/www.royal-karthago.com\/de\/wp-json\/wp\/v2\/media?parent=337"}],"curies":[{"name":"wp","href":"https:\/\/api.w.org\/{rel}","templated":true}]}}