{"id":321,"date":"2026-03-11T13:43:51","date_gmt":"2026-03-11T13:43:51","guid":{"rendered":"https:\/\/royal-karthago.ms3.decms.eu\/services\/coiffeur\/"},"modified":"2026-03-27T16:11:18","modified_gmt":"2026-03-27T16:11:18","slug":"friseur","status":"publish","type":"page","link":"https:\/\/www.royal-karthago.com\/de\/services\/friseur\/","title":{"rendered":"Friseur"},"content":{"rendered":"<p style=\"text-align: center;\">Der Salon im <strong>Royal Karthago Thalasso &amp; Spa<\/strong> empf\u00e4ngt Sie in einer warmen, mediterranen Atmosph\u00e4re. Genie\u00dfen Sie individuelle Sch\u00f6nheitsbehandlungen: F\u00f6hnen, Frisuren und Pflege nach Wunsch. Ideal, um einen Abend vorzubereiten oder einfach einen Moment der Entspannung w\u00e4hrend Ihres Aufenthalts zu genie\u00dfen. Ein aufmerksamer Service und die intime Umgebung sorgen f\u00fcr Ruhe und Wohlbefinden.<\/p>\n<p>&nbsp;<\/p>\n","protected":false},"excerpt":{"rendered":"<p>Der Salon im Royal Karthago Thalasso &amp; Spa empf\u00e4ngt Sie in einer warmen, mediterranen Atmosph\u00e4re. Genie\u00dfen Sie individuelle Sch\u00f6nheitsbehandlungen: F\u00f6hnen, Frisuren und Pflege nach Wunsch. Ideal, um einen Abend vorzubereiten oder einfach einen Moment der Entspannung w\u00e4hrend Ihres Aufenthalts zu genie\u00dfen. Ein aufmerksamer Service und die intime Umgebung sorgen f\u00fcr Ruhe und Wohlbefinden. &nbsp;<\/p>\n","protected":false},"author":13,"featured_media":0,"parent":302,"menu_order":2,"comment_status":"closed","ping_status":"closed","template":"template-default-2.php","meta":{"footnotes":""},"class_list":["post-321","page","type-page","status-publish","hentry"],"yoast_head":"<!-- This site is optimized with the Yoast SEO plugin v26.9 - https:\/\/yoast.com\/product\/yoast-seo-wordpress\/ -->\n<title>Friseur - Royal Karthago Djerba<\/title>\n<meta name=\"description\" content=\"Der Salon im Royal Karthago Thalasso &amp; Spa empf\u00e4ngt Sie in einer warmen, mediterranen Atmosph\u00e4re. Genie\u00dfen Sie individuelle Sch\u00f6nheitsbehandlungen: F\u00f6hnen, Frisuren und Pflege nach Wunsch\" \/>\n<meta name=\"robots\" content=\"index, follow, max-snippet:-1, max-image-preview:large, max-video-preview:-1\" \/>\n<link rel=\"canonical\" href=\"https:\/\/www.royal-karthago.com\/de\/services\/friseur\/\" \/>\n<meta property=\"og:locale\" content=\"de_DE\" \/>\n<meta property=\"og:type\" content=\"article\" \/>\n<meta property=\"og:title\" content=\"Friseur - Royal Karthago Djerba\" \/>\n<meta property=\"og:description\" content=\"Der Salon im Royal Karthago Thalasso &amp; Spa empf\u00e4ngt Sie in einer warmen, mediterranen Atmosph\u00e4re. Genie\u00dfen Sie individuelle Sch\u00f6nheitsbehandlungen: F\u00f6hnen, Frisuren und Pflege nach Wunsch\" \/>\n<meta property=\"og:url\" content=\"https:\/\/www.royal-karthago.com\/de\/services\/friseur\/\" \/>\n<meta property=\"og:site_name\" content=\"Royal Karthago Djerba\" \/>\n<meta property=\"article:modified_time\" content=\"2026-03-27T16:11:18+00:00\" \/>\n<meta name=\"twitter:card\" content=\"summary_large_image\" \/>\n<meta name=\"twitter:label1\" content=\"Est. reading time\" \/>\n\t<meta name=\"twitter:data1\" content=\"1\u00a0Minute\" \/>\n<script type=\"application\/ld+json\" class=\"yoast-schema-graph\">{\"@context\":\"https:\/\/schema.org\",\"@graph\":[{\"@type\":\"WebPage\",\"@id\":\"https:\/\/www.royal-karthago.com\/de\/services\/friseur\/\",\"url\":\"https:\/\/www.royal-karthago.com\/de\/services\/friseur\/\",\"name\":\"Friseur - Royal Karthago Djerba\",\"isPartOf\":{\"@id\":\"https:\/\/www.royal-karthago.com\/de\/#website\"},\"datePublished\":\"2026-03-11T13:43:51+00:00\",\"dateModified\":\"2026-03-27T16:11:18+00:00\",\"description\":\"Der Salon im Royal Karthago Thalasso &amp; Spa empf\u00e4ngt Sie in einer warmen, mediterranen Atmosph\u00e4re. Genie\u00dfen Sie individuelle Sch\u00f6nheitsbehandlungen: F\u00f6hnen, Frisuren und Pflege nach Wunsch\",\"breadcrumb\":{\"@id\":\"https:\/\/www.royal-karthago.com\/de\/services\/friseur\/#breadcrumb\"},\"inLanguage\":\"de\",\"potentialAction\":[{\"@type\":\"ReadAction\",\"target\":[\"https:\/\/www.royal-karthago.com\/de\/services\/friseur\/\"]}]},{\"@type\":\"BreadcrumbList\",\"@id\":\"https:\/\/www.royal-karthago.com\/de\/services\/friseur\/#breadcrumb\",\"itemListElement\":[{\"@type\":\"ListItem\",\"position\":1,\"name\":\"Home\",\"item\":\"https:\/\/www.royal-karthago.com\/de\/\"},{\"@type\":\"ListItem\",\"position\":2,\"name\":\"Services\",\"item\":\"https:\/\/www.royal-karthago.com\/de\/services\/\"},{\"@type\":\"ListItem\",\"position\":3,\"name\":\"Friseur\"}]},{\"@type\":\"WebSite\",\"@id\":\"https:\/\/www.royal-karthago.com\/de\/#website\",\"url\":\"https:\/\/www.royal-karthago.com\/de\/\",\"name\":\"Royal Karthago Djerba\",\"description\":\"\",\"potentialAction\":[{\"@type\":\"SearchAction\",\"target\":{\"@type\":\"EntryPoint\",\"urlTemplate\":\"https:\/\/www.royal-karthago.com\/de\/?s={search_term_string}\"},\"query-input\":{\"@type\":\"PropertyValueSpecification\",\"valueRequired\":true,\"valueName\":\"search_term_string\"}}],\"inLanguage\":\"de\"}]}<\/script>\n<!-- \/ Yoast SEO plugin. -->","yoast_head_json":{"title":"Friseur - Royal Karthago Djerba","description":"Der Salon im Royal Karthago Thalasso &amp; Spa empf\u00e4ngt Sie in einer warmen, mediterranen Atmosph\u00e4re. Genie\u00dfen Sie individuelle Sch\u00f6nheitsbehandlungen: F\u00f6hnen, Frisuren und Pflege nach Wunsch","robots":{"index":"index","follow":"follow","max-snippet":"max-snippet:-1","max-image-preview":"max-image-preview:large","max-video-preview":"max-video-preview:-1"},"canonical":"https:\/\/www.royal-karthago.com\/de\/services\/friseur\/","og_locale":"de_DE","og_type":"article","og_title":"Friseur - Royal Karthago Djerba","og_description":"Der Salon im Royal Karthago Thalasso &amp; Spa empf\u00e4ngt Sie in einer warmen, mediterranen Atmosph\u00e4re. Genie\u00dfen Sie individuelle Sch\u00f6nheitsbehandlungen: F\u00f6hnen, Frisuren und Pflege nach Wunsch","og_url":"https:\/\/www.royal-karthago.com\/de\/services\/friseur\/","og_site_name":"Royal Karthago Djerba","article_modified_time":"2026-03-27T16:11:18+00:00","twitter_card":"summary_large_image","twitter_misc":{"Est. reading time":"1\u00a0Minute"},"schema":{"@context":"https:\/\/schema.org","@graph":[{"@type":"WebPage","@id":"https:\/\/www.royal-karthago.com\/de\/services\/friseur\/","url":"https:\/\/www.royal-karthago.com\/de\/services\/friseur\/","name":"Friseur - Royal Karthago Djerba","isPartOf":{"@id":"https:\/\/www.royal-karthago.com\/de\/#website"},"datePublished":"2026-03-11T13:43:51+00:00","dateModified":"2026-03-27T16:11:18+00:00","description":"Der Salon im Royal Karthago Thalasso &amp; Spa empf\u00e4ngt Sie in einer warmen, mediterranen Atmosph\u00e4re. Genie\u00dfen Sie individuelle Sch\u00f6nheitsbehandlungen: F\u00f6hnen, Frisuren und Pflege nach Wunsch","breadcrumb":{"@id":"https:\/\/www.royal-karthago.com\/de\/services\/friseur\/#breadcrumb"},"inLanguage":"de","potentialAction":[{"@type":"ReadAction","target":["https:\/\/www.royal-karthago.com\/de\/services\/friseur\/"]}]},{"@type":"BreadcrumbList","@id":"https:\/\/www.royal-karthago.com\/de\/services\/friseur\/#breadcrumb","itemListElement":[{"@type":"ListItem","position":1,"name":"Home","item":"https:\/\/www.royal-karthago.com\/de\/"},{"@type":"ListItem","position":2,"name":"Services","item":"https:\/\/www.royal-karthago.com\/de\/services\/"},{"@type":"ListItem","position":3,"name":"Friseur"}]},{"@type":"WebSite","@id":"https:\/\/www.royal-karthago.com\/de\/#website","url":"https:\/\/www.royal-karthago.com\/de\/","name":"Royal Karthago Djerba","description":"","potentialAction":[{"@type":"SearchAction","target":{"@type":"EntryPoint","urlTemplate":"https:\/\/www.royal-karthago.com\/de\/?s={search_term_string}"},"query-input":{"@type":"PropertyValueSpecification","valueRequired":true,"valueName":"search_term_string"}}],"inLanguage":"de"}]}},"acf":[],"_links":{"self":[{"href":"https:\/\/www.royal-karthago.com\/de\/wp-json\/wp\/v2\/pages\/321","targetHints":{"allow":["GET"]}}],"collection":[{"href":"https:\/\/www.royal-karthago.com\/de\/wp-json\/wp\/v2\/pages"}],"about":[{"href":"https:\/\/www.royal-karthago.com\/de\/wp-json\/wp\/v2\/types\/page"}],"author":[{"embeddable":true,"href":"https:\/\/www.royal-karthago.com\/de\/wp-json\/wp\/v2\/users\/13"}],"replies":[{"embeddable":true,"href":"https:\/\/www.royal-karthago.com\/de\/wp-json\/wp\/v2\/comments?post=321"}],"version-history":[{"count":0,"href":"https:\/\/www.royal-karthago.com\/de\/wp-json\/wp\/v2\/pages\/321\/revisions"}],"up":[{"embeddable":true,"href":"https:\/\/www.royal-karthago.com\/de\/wp-json\/wp\/v2\/pages\/302"}],"wp:attachment":[{"href":"https:\/\/www.royal-karthago.com\/de\/wp-json\/wp\/v2\/media?parent=321"}],"curies":[{"name":"wp","href":"https:\/\/api.w.org\/{rel}","templated":true}]}}