{"id":318,"date":"2026-03-11T13:43:03","date_gmt":"2026-03-11T13:43:03","guid":{"rendered":"https:\/\/royal-karthago.ms3.decms.eu\/services\/boutique\/"},"modified":"2026-03-27T16:08:23","modified_gmt":"2026-03-27T16:08:23","slug":"boutique","status":"publish","type":"page","link":"https:\/\/www.royal-karthago.com\/de\/services\/boutique\/","title":{"rendered":"Boutique"},"content":{"rendered":"<p style=\"text-align: center;\">Die Boutique im <strong>Royal Karthago Thalasso &amp; Spa<\/strong> spiegelt Authentizit\u00e4t und Komfort wider. Hier finden Sie lokale Souvenirs, Tabakwaren und Kartenartikel. Perfekt, um Erinnerungen an Djerba mitzunehmen oder Gr\u00fc\u00dfe an Ihre Liebsten zu senden. Leicht zug\u00e4nglich, bietet die Boutique zus\u00e4tzlichen Komfort und kleine Alltagsservices w\u00e4hrend Ihres Aufenthalts.<\/p>\n","protected":false},"excerpt":{"rendered":"<p>Die Boutique im Royal Karthago Thalasso &amp; Spa spiegelt Authentizit\u00e4t und Komfort wider. Hier finden Sie lokale Souvenirs, Tabakwaren und Kartenartikel. Perfekt, um Erinnerungen an Djerba mitzunehmen oder Gr\u00fc\u00dfe an Ihre Liebsten zu senden. Leicht zug\u00e4nglich, bietet die Boutique zus\u00e4tzlichen Komfort und kleine Alltagsservices w\u00e4hrend Ihres Aufenthalts.<\/p>\n","protected":false},"author":13,"featured_media":0,"parent":302,"menu_order":3,"comment_status":"closed","ping_status":"closed","template":"template-default-2.php","meta":{"footnotes":""},"class_list":["post-318","page","type-page","status-publish","hentry"],"yoast_head":"<!-- This site is optimized with the Yoast SEO plugin v26.9 - https:\/\/yoast.com\/product\/yoast-seo-wordpress\/ -->\n<title>Boutique - Royal Karthago Djerba<\/title>\n<meta name=\"description\" content=\"Die Boutique im Royal Karthago Thalasso &amp; Spa spiegelt Authentizit\u00e4t und Komfort wider. Hier finden Sie lokale Souvenirs, Tabakwaren und Kartenartikel\" \/>\n<meta name=\"robots\" content=\"index, follow, max-snippet:-1, max-image-preview:large, max-video-preview:-1\" \/>\n<link rel=\"canonical\" href=\"https:\/\/www.royal-karthago.com\/de\/services\/boutique\/\" \/>\n<meta property=\"og:locale\" content=\"de_DE\" \/>\n<meta property=\"og:type\" content=\"article\" \/>\n<meta property=\"og:title\" content=\"Boutique - Royal Karthago Djerba\" \/>\n<meta property=\"og:description\" content=\"Die Boutique im Royal Karthago Thalasso &amp; Spa spiegelt Authentizit\u00e4t und Komfort wider. Hier finden Sie lokale Souvenirs, Tabakwaren und Kartenartikel\" \/>\n<meta property=\"og:url\" content=\"https:\/\/www.royal-karthago.com\/de\/services\/boutique\/\" \/>\n<meta property=\"og:site_name\" content=\"Royal Karthago Djerba\" \/>\n<meta property=\"article:modified_time\" content=\"2026-03-27T16:08:23+00:00\" \/>\n<meta name=\"twitter:card\" content=\"summary_large_image\" \/>\n<meta name=\"twitter:label1\" content=\"Est. reading time\" \/>\n\t<meta name=\"twitter:data1\" content=\"1\u00a0Minute\" \/>\n<script type=\"application\/ld+json\" class=\"yoast-schema-graph\">{\"@context\":\"https:\/\/schema.org\",\"@graph\":[{\"@type\":\"WebPage\",\"@id\":\"https:\/\/www.royal-karthago.com\/de\/services\/boutique\/\",\"url\":\"https:\/\/www.royal-karthago.com\/de\/services\/boutique\/\",\"name\":\"Boutique - Royal Karthago Djerba\",\"isPartOf\":{\"@id\":\"https:\/\/www.royal-karthago.com\/de\/#website\"},\"datePublished\":\"2026-03-11T13:43:03+00:00\",\"dateModified\":\"2026-03-27T16:08:23+00:00\",\"description\":\"Die Boutique im Royal Karthago Thalasso &amp; Spa spiegelt Authentizit\u00e4t und Komfort wider. Hier finden Sie lokale Souvenirs, Tabakwaren und Kartenartikel\",\"breadcrumb\":{\"@id\":\"https:\/\/www.royal-karthago.com\/de\/services\/boutique\/#breadcrumb\"},\"inLanguage\":\"de\",\"potentialAction\":[{\"@type\":\"ReadAction\",\"target\":[\"https:\/\/www.royal-karthago.com\/de\/services\/boutique\/\"]}]},{\"@type\":\"BreadcrumbList\",\"@id\":\"https:\/\/www.royal-karthago.com\/de\/services\/boutique\/#breadcrumb\",\"itemListElement\":[{\"@type\":\"ListItem\",\"position\":1,\"name\":\"Home\",\"item\":\"https:\/\/www.royal-karthago.com\/de\/\"},{\"@type\":\"ListItem\",\"position\":2,\"name\":\"Services\",\"item\":\"https:\/\/www.royal-karthago.com\/de\/services\/\"},{\"@type\":\"ListItem\",\"position\":3,\"name\":\"Boutique\"}]},{\"@type\":\"WebSite\",\"@id\":\"https:\/\/www.royal-karthago.com\/de\/#website\",\"url\":\"https:\/\/www.royal-karthago.com\/de\/\",\"name\":\"Royal Karthago Djerba\",\"description\":\"\",\"potentialAction\":[{\"@type\":\"SearchAction\",\"target\":{\"@type\":\"EntryPoint\",\"urlTemplate\":\"https:\/\/www.royal-karthago.com\/de\/?s={search_term_string}\"},\"query-input\":{\"@type\":\"PropertyValueSpecification\",\"valueRequired\":true,\"valueName\":\"search_term_string\"}}],\"inLanguage\":\"de\"}]}<\/script>\n<!-- \/ Yoast SEO plugin. -->","yoast_head_json":{"title":"Boutique - Royal Karthago Djerba","description":"Die Boutique im Royal Karthago Thalasso &amp; Spa spiegelt Authentizit\u00e4t und Komfort wider. Hier finden Sie lokale Souvenirs, Tabakwaren und Kartenartikel","robots":{"index":"index","follow":"follow","max-snippet":"max-snippet:-1","max-image-preview":"max-image-preview:large","max-video-preview":"max-video-preview:-1"},"canonical":"https:\/\/www.royal-karthago.com\/de\/services\/boutique\/","og_locale":"de_DE","og_type":"article","og_title":"Boutique - Royal Karthago Djerba","og_description":"Die Boutique im Royal Karthago Thalasso &amp; Spa spiegelt Authentizit\u00e4t und Komfort wider. Hier finden Sie lokale Souvenirs, Tabakwaren und Kartenartikel","og_url":"https:\/\/www.royal-karthago.com\/de\/services\/boutique\/","og_site_name":"Royal Karthago Djerba","article_modified_time":"2026-03-27T16:08:23+00:00","twitter_card":"summary_large_image","twitter_misc":{"Est. reading time":"1\u00a0Minute"},"schema":{"@context":"https:\/\/schema.org","@graph":[{"@type":"WebPage","@id":"https:\/\/www.royal-karthago.com\/de\/services\/boutique\/","url":"https:\/\/www.royal-karthago.com\/de\/services\/boutique\/","name":"Boutique - Royal Karthago Djerba","isPartOf":{"@id":"https:\/\/www.royal-karthago.com\/de\/#website"},"datePublished":"2026-03-11T13:43:03+00:00","dateModified":"2026-03-27T16:08:23+00:00","description":"Die Boutique im Royal Karthago Thalasso &amp; Spa spiegelt Authentizit\u00e4t und Komfort wider. Hier finden Sie lokale Souvenirs, Tabakwaren und Kartenartikel","breadcrumb":{"@id":"https:\/\/www.royal-karthago.com\/de\/services\/boutique\/#breadcrumb"},"inLanguage":"de","potentialAction":[{"@type":"ReadAction","target":["https:\/\/www.royal-karthago.com\/de\/services\/boutique\/"]}]},{"@type":"BreadcrumbList","@id":"https:\/\/www.royal-karthago.com\/de\/services\/boutique\/#breadcrumb","itemListElement":[{"@type":"ListItem","position":1,"name":"Home","item":"https:\/\/www.royal-karthago.com\/de\/"},{"@type":"ListItem","position":2,"name":"Services","item":"https:\/\/www.royal-karthago.com\/de\/services\/"},{"@type":"ListItem","position":3,"name":"Boutique"}]},{"@type":"WebSite","@id":"https:\/\/www.royal-karthago.com\/de\/#website","url":"https:\/\/www.royal-karthago.com\/de\/","name":"Royal Karthago Djerba","description":"","potentialAction":[{"@type":"SearchAction","target":{"@type":"EntryPoint","urlTemplate":"https:\/\/www.royal-karthago.com\/de\/?s={search_term_string}"},"query-input":{"@type":"PropertyValueSpecification","valueRequired":true,"valueName":"search_term_string"}}],"inLanguage":"de"}]}},"acf":[],"_links":{"self":[{"href":"https:\/\/www.royal-karthago.com\/de\/wp-json\/wp\/v2\/pages\/318","targetHints":{"allow":["GET"]}}],"collection":[{"href":"https:\/\/www.royal-karthago.com\/de\/wp-json\/wp\/v2\/pages"}],"about":[{"href":"https:\/\/www.royal-karthago.com\/de\/wp-json\/wp\/v2\/types\/page"}],"author":[{"embeddable":true,"href":"https:\/\/www.royal-karthago.com\/de\/wp-json\/wp\/v2\/users\/13"}],"replies":[{"embeddable":true,"href":"https:\/\/www.royal-karthago.com\/de\/wp-json\/wp\/v2\/comments?post=318"}],"version-history":[{"count":0,"href":"https:\/\/www.royal-karthago.com\/de\/wp-json\/wp\/v2\/pages\/318\/revisions"}],"up":[{"embeddable":true,"href":"https:\/\/www.royal-karthago.com\/de\/wp-json\/wp\/v2\/pages\/302"}],"wp:attachment":[{"href":"https:\/\/www.royal-karthago.com\/de\/wp-json\/wp\/v2\/media?parent=318"}],"curies":[{"name":"wp","href":"https:\/\/api.w.org\/{rel}","templated":true}]}}