{"id":308,"date":"2026-03-11T13:33:39","date_gmt":"2026-03-11T13:33:39","guid":{"rendered":"https:\/\/royal-karthago.ms3.decms.eu\/services\/piscines\/"},"modified":"2026-03-27T14:56:38","modified_gmt":"2026-03-27T14:56:38","slug":"schwimmbaeder","status":"publish","type":"page","link":"https:\/\/www.royal-karthago.com\/de\/services\/schwimmbaeder\/","title":{"rendered":"Schwimmb\u00e4der"},"content":{"rendered":"<p style=\"text-align: center;\">Genie\u00dfen Sie ein Hotel mit Swimmingpool auf Djerba, in dem alles auf Entspannung und Badevergn\u00fcgen ausgerichtet ist. Der gro\u00dfe Hauptpool ist in einen Erwachsenen- und Kinderbereich unterteilt, sodass die ganze Familie gemeinsam Zeit verbringen und das Wasser genie\u00dfen kann.<\/p>\n","protected":false},"excerpt":{"rendered":"<p>Genie\u00dfen Sie ein Hotel mit Swimmingpool auf Djerba, in dem alles auf Entspannung und Badevergn\u00fcgen ausgerichtet ist. Der gro\u00dfe Hauptpool ist in einen Erwachsenen- und Kinderbereich unterteilt, sodass die ganze Familie gemeinsam Zeit verbringen und das Wasser genie\u00dfen kann.<\/p>\n","protected":false},"author":13,"featured_media":0,"parent":302,"menu_order":6,"comment_status":"closed","ping_status":"closed","template":"template-default-2.php","meta":{"footnotes":""},"class_list":["post-308","page","type-page","status-publish","hentry"],"yoast_head":"<!-- This site is optimized with the Yoast SEO plugin v26.9 - https:\/\/yoast.com\/product\/yoast-seo-wordpress\/ -->\n<title>Schwimmb\u00e4der - Royal Karthago Djerba<\/title>\n<meta name=\"description\" content=\"Genie\u00dfen Sie ein Hotel mit Swimmingpool auf Djerba, in dem alles auf Entspannung und Badevergn\u00fcgen ausgerichtet ist. Der gro\u00dfe Hauptpool ist in einen Erwachsenen- und Kinderbereich unterteilt, sodass die ganze Familie gemeinsam Zeit verbringen und das Wasser genie\u00dfen kann.\" \/>\n<meta name=\"robots\" content=\"index, follow, max-snippet:-1, max-image-preview:large, max-video-preview:-1\" \/>\n<link rel=\"canonical\" href=\"https:\/\/www.royal-karthago.com\/de\/services\/schwimmbaeder\/\" \/>\n<meta property=\"og:locale\" content=\"de_DE\" \/>\n<meta property=\"og:type\" content=\"article\" \/>\n<meta property=\"og:title\" content=\"Schwimmb\u00e4der - Royal Karthago Djerba\" \/>\n<meta property=\"og:description\" content=\"Genie\u00dfen Sie ein Hotel mit Swimmingpool auf Djerba, in dem alles auf Entspannung und Badevergn\u00fcgen ausgerichtet ist. Der gro\u00dfe Hauptpool ist in einen Erwachsenen- und Kinderbereich unterteilt, sodass die ganze Familie gemeinsam Zeit verbringen und das Wasser genie\u00dfen kann.\" \/>\n<meta property=\"og:url\" content=\"https:\/\/www.royal-karthago.com\/de\/services\/schwimmbaeder\/\" \/>\n<meta property=\"og:site_name\" content=\"Royal Karthago Djerba\" \/>\n<meta property=\"article:modified_time\" content=\"2026-03-27T14:56:38+00:00\" \/>\n<meta name=\"twitter:card\" content=\"summary_large_image\" \/>\n<meta name=\"twitter:label1\" content=\"Est. reading time\" \/>\n\t<meta name=\"twitter:data1\" content=\"1\u00a0Minute\" \/>\n<script type=\"application\/ld+json\" class=\"yoast-schema-graph\">{\"@context\":\"https:\/\/schema.org\",\"@graph\":[{\"@type\":\"WebPage\",\"@id\":\"https:\/\/www.royal-karthago.com\/de\/services\/schwimmbaeder\/\",\"url\":\"https:\/\/www.royal-karthago.com\/de\/services\/schwimmbaeder\/\",\"name\":\"Schwimmb\u00e4der - Royal Karthago Djerba\",\"isPartOf\":{\"@id\":\"https:\/\/www.royal-karthago.com\/de\/#website\"},\"datePublished\":\"2026-03-11T13:33:39+00:00\",\"dateModified\":\"2026-03-27T14:56:38+00:00\",\"description\":\"Genie\u00dfen Sie ein Hotel mit Swimmingpool auf Djerba, in dem alles auf Entspannung und Badevergn\u00fcgen ausgerichtet ist. Der gro\u00dfe Hauptpool ist in einen Erwachsenen- und Kinderbereich unterteilt, sodass die ganze Familie gemeinsam Zeit verbringen und das Wasser genie\u00dfen kann.\",\"breadcrumb\":{\"@id\":\"https:\/\/www.royal-karthago.com\/de\/services\/schwimmbaeder\/#breadcrumb\"},\"inLanguage\":\"de\",\"potentialAction\":[{\"@type\":\"ReadAction\",\"target\":[\"https:\/\/www.royal-karthago.com\/de\/services\/schwimmbaeder\/\"]}]},{\"@type\":\"BreadcrumbList\",\"@id\":\"https:\/\/www.royal-karthago.com\/de\/services\/schwimmbaeder\/#breadcrumb\",\"itemListElement\":[{\"@type\":\"ListItem\",\"position\":1,\"name\":\"Home\",\"item\":\"https:\/\/www.royal-karthago.com\/de\/\"},{\"@type\":\"ListItem\",\"position\":2,\"name\":\"Services\",\"item\":\"https:\/\/www.royal-karthago.com\/de\/services\/\"},{\"@type\":\"ListItem\",\"position\":3,\"name\":\"Schwimmb\u00e4der\"}]},{\"@type\":\"WebSite\",\"@id\":\"https:\/\/www.royal-karthago.com\/de\/#website\",\"url\":\"https:\/\/www.royal-karthago.com\/de\/\",\"name\":\"Royal Karthago Djerba\",\"description\":\"\",\"potentialAction\":[{\"@type\":\"SearchAction\",\"target\":{\"@type\":\"EntryPoint\",\"urlTemplate\":\"https:\/\/www.royal-karthago.com\/de\/?s={search_term_string}\"},\"query-input\":{\"@type\":\"PropertyValueSpecification\",\"valueRequired\":true,\"valueName\":\"search_term_string\"}}],\"inLanguage\":\"de\"}]}<\/script>\n<!-- \/ Yoast SEO plugin. -->","yoast_head_json":{"title":"Schwimmb\u00e4der - Royal Karthago Djerba","description":"Genie\u00dfen Sie ein Hotel mit Swimmingpool auf Djerba, in dem alles auf Entspannung und Badevergn\u00fcgen ausgerichtet ist. Der gro\u00dfe Hauptpool ist in einen Erwachsenen- und Kinderbereich unterteilt, sodass die ganze Familie gemeinsam Zeit verbringen und das Wasser genie\u00dfen kann.","robots":{"index":"index","follow":"follow","max-snippet":"max-snippet:-1","max-image-preview":"max-image-preview:large","max-video-preview":"max-video-preview:-1"},"canonical":"https:\/\/www.royal-karthago.com\/de\/services\/schwimmbaeder\/","og_locale":"de_DE","og_type":"article","og_title":"Schwimmb\u00e4der - Royal Karthago Djerba","og_description":"Genie\u00dfen Sie ein Hotel mit Swimmingpool auf Djerba, in dem alles auf Entspannung und Badevergn\u00fcgen ausgerichtet ist. Der gro\u00dfe Hauptpool ist in einen Erwachsenen- und Kinderbereich unterteilt, sodass die ganze Familie gemeinsam Zeit verbringen und das Wasser genie\u00dfen kann.","og_url":"https:\/\/www.royal-karthago.com\/de\/services\/schwimmbaeder\/","og_site_name":"Royal Karthago Djerba","article_modified_time":"2026-03-27T14:56:38+00:00","twitter_card":"summary_large_image","twitter_misc":{"Est. reading time":"1\u00a0Minute"},"schema":{"@context":"https:\/\/schema.org","@graph":[{"@type":"WebPage","@id":"https:\/\/www.royal-karthago.com\/de\/services\/schwimmbaeder\/","url":"https:\/\/www.royal-karthago.com\/de\/services\/schwimmbaeder\/","name":"Schwimmb\u00e4der - Royal Karthago Djerba","isPartOf":{"@id":"https:\/\/www.royal-karthago.com\/de\/#website"},"datePublished":"2026-03-11T13:33:39+00:00","dateModified":"2026-03-27T14:56:38+00:00","description":"Genie\u00dfen Sie ein Hotel mit Swimmingpool auf Djerba, in dem alles auf Entspannung und Badevergn\u00fcgen ausgerichtet ist. Der gro\u00dfe Hauptpool ist in einen Erwachsenen- und Kinderbereich unterteilt, sodass die ganze Familie gemeinsam Zeit verbringen und das Wasser genie\u00dfen kann.","breadcrumb":{"@id":"https:\/\/www.royal-karthago.com\/de\/services\/schwimmbaeder\/#breadcrumb"},"inLanguage":"de","potentialAction":[{"@type":"ReadAction","target":["https:\/\/www.royal-karthago.com\/de\/services\/schwimmbaeder\/"]}]},{"@type":"BreadcrumbList","@id":"https:\/\/www.royal-karthago.com\/de\/services\/schwimmbaeder\/#breadcrumb","itemListElement":[{"@type":"ListItem","position":1,"name":"Home","item":"https:\/\/www.royal-karthago.com\/de\/"},{"@type":"ListItem","position":2,"name":"Services","item":"https:\/\/www.royal-karthago.com\/de\/services\/"},{"@type":"ListItem","position":3,"name":"Schwimmb\u00e4der"}]},{"@type":"WebSite","@id":"https:\/\/www.royal-karthago.com\/de\/#website","url":"https:\/\/www.royal-karthago.com\/de\/","name":"Royal Karthago Djerba","description":"","potentialAction":[{"@type":"SearchAction","target":{"@type":"EntryPoint","urlTemplate":"https:\/\/www.royal-karthago.com\/de\/?s={search_term_string}"},"query-input":{"@type":"PropertyValueSpecification","valueRequired":true,"valueName":"search_term_string"}}],"inLanguage":"de"}]}},"acf":[],"_links":{"self":[{"href":"https:\/\/www.royal-karthago.com\/de\/wp-json\/wp\/v2\/pages\/308","targetHints":{"allow":["GET"]}}],"collection":[{"href":"https:\/\/www.royal-karthago.com\/de\/wp-json\/wp\/v2\/pages"}],"about":[{"href":"https:\/\/www.royal-karthago.com\/de\/wp-json\/wp\/v2\/types\/page"}],"author":[{"embeddable":true,"href":"https:\/\/www.royal-karthago.com\/de\/wp-json\/wp\/v2\/users\/13"}],"replies":[{"embeddable":true,"href":"https:\/\/www.royal-karthago.com\/de\/wp-json\/wp\/v2\/comments?post=308"}],"version-history":[{"count":0,"href":"https:\/\/www.royal-karthago.com\/de\/wp-json\/wp\/v2\/pages\/308\/revisions"}],"up":[{"embeddable":true,"href":"https:\/\/www.royal-karthago.com\/de\/wp-json\/wp\/v2\/pages\/302"}],"wp:attachment":[{"href":"https:\/\/www.royal-karthago.com\/de\/wp-json\/wp\/v2\/media?parent=308"}],"curies":[{"name":"wp","href":"https:\/\/api.w.org\/{rel}","templated":true}]}}