{"id":298,"date":"2026-03-11T13:17:59","date_gmt":"2026-03-11T13:17:59","guid":{"rendered":"https:\/\/royal-karthago.ms3.decms.eu\/thalasso-spa\/"},"modified":"2026-03-30T11:47:04","modified_gmt":"2026-03-30T11:47:04","slug":"thalasso-spa","status":"publish","type":"page","link":"https:\/\/www.royal-karthago.com\/de\/thalasso-spa\/","title":{"rendered":"Thalasso &#038; Spa"},"content":{"rendered":"<p style=\"text-align: center;\">Das Royal Karthago Djerba &amp; Thalasso \u00f6ffnet die T\u00fcren des KAYSA-Zentrums: 1.220 m\u00b2, komplett f\u00fcr K\u00f6rper und Geist. Eine elegante Oase f\u00fcr totale Entspannung, in der Wellness, Komfort und Ruhe perfekt harmonieren. Das Hotelspa vereint Eleganz und Gelassenheit, w\u00e4hrend unser professionelles Team jeden Moment zu einem einzigartigen Wohlf\u00fchlerlebnis macht.<\/p>\n<p>&nbsp;<\/p>\n<p>&nbsp;<\/p>\n","protected":false},"excerpt":{"rendered":"<p>Das Royal Karthago Djerba &amp; Thalasso \u00f6ffnet die T\u00fcren des KAYSA-Zentrums: 1.220 m\u00b2, komplett f\u00fcr K\u00f6rper und Geist. Eine elegante Oase f\u00fcr totale Entspannung, in der Wellness, Komfort und Ruhe perfekt harmonieren. Das Hotelspa vereint Eleganz und Gelassenheit, w\u00e4hrend unser professionelles Team jeden Moment zu einem einzigartigen Wohlf\u00fchlerlebnis macht. &nbsp; &nbsp;<\/p>\n","protected":false},"author":13,"featured_media":0,"parent":0,"menu_order":6,"comment_status":"closed","ping_status":"closed","template":"template-spa.php","meta":{"footnotes":""},"class_list":["post-298","page","type-page","status-publish","hentry"],"yoast_head":"<!-- This site is optimized with the Yoast SEO plugin v26.9 - https:\/\/yoast.com\/product\/yoast-seo-wordpress\/ -->\n<title>Thalasso &amp; Spa - Royal Karthago Djerba<\/title>\n<meta name=\"description\" content=\"Das Royal Karthago Djerba &amp; Thalasso \u00f6ffnet die T\u00fcren des KAYSA-Zentrums: 1.220 m\u00b2, komplett f\u00fcr K\u00f6rper und Geist. Eine elegante Oase f\u00fcr totale Entspannung, in der Wellness, Komfort und Ruhe perfekt harmonieren\" \/>\n<meta name=\"robots\" content=\"index, follow, max-snippet:-1, max-image-preview:large, max-video-preview:-1\" \/>\n<link rel=\"canonical\" href=\"https:\/\/www.royal-karthago.com\/de\/thalasso-spa\/\" \/>\n<meta property=\"og:locale\" content=\"de_DE\" \/>\n<meta property=\"og:type\" content=\"article\" \/>\n<meta property=\"og:title\" content=\"Thalasso &amp; Spa - Royal Karthago Djerba\" \/>\n<meta property=\"og:description\" content=\"Das Royal Karthago Djerba &amp; Thalasso \u00f6ffnet die T\u00fcren des KAYSA-Zentrums: 1.220 m\u00b2, komplett f\u00fcr K\u00f6rper und Geist. Eine elegante Oase f\u00fcr totale Entspannung, in der Wellness, Komfort und Ruhe perfekt harmonieren\" \/>\n<meta property=\"og:url\" content=\"https:\/\/www.royal-karthago.com\/de\/thalasso-spa\/\" \/>\n<meta property=\"og:site_name\" content=\"Royal Karthago Djerba\" \/>\n<meta property=\"article:modified_time\" content=\"2026-03-30T11:47:04+00:00\" \/>\n<meta name=\"twitter:card\" content=\"summary_large_image\" \/>\n<meta name=\"twitter:label1\" content=\"Est. reading time\" \/>\n\t<meta name=\"twitter:data1\" content=\"1\u00a0Minute\" \/>\n<script type=\"application\/ld+json\" class=\"yoast-schema-graph\">{\"@context\":\"https:\/\/schema.org\",\"@graph\":[{\"@type\":\"WebPage\",\"@id\":\"https:\/\/www.royal-karthago.com\/de\/thalasso-spa\/\",\"url\":\"https:\/\/www.royal-karthago.com\/de\/thalasso-spa\/\",\"name\":\"Thalasso & Spa - Royal Karthago Djerba\",\"isPartOf\":{\"@id\":\"https:\/\/www.royal-karthago.com\/de\/#website\"},\"datePublished\":\"2026-03-11T13:17:59+00:00\",\"dateModified\":\"2026-03-30T11:47:04+00:00\",\"description\":\"Das Royal Karthago Djerba &amp; Thalasso \u00f6ffnet die T\u00fcren des KAYSA-Zentrums: 1.220 m\u00b2, komplett f\u00fcr K\u00f6rper und Geist. Eine elegante Oase f\u00fcr totale Entspannung, in der Wellness, Komfort und Ruhe perfekt harmonieren\",\"breadcrumb\":{\"@id\":\"https:\/\/www.royal-karthago.com\/de\/thalasso-spa\/#breadcrumb\"},\"inLanguage\":\"de\",\"potentialAction\":[{\"@type\":\"ReadAction\",\"target\":[\"https:\/\/www.royal-karthago.com\/de\/thalasso-spa\/\"]}]},{\"@type\":\"BreadcrumbList\",\"@id\":\"https:\/\/www.royal-karthago.com\/de\/thalasso-spa\/#breadcrumb\",\"itemListElement\":[{\"@type\":\"ListItem\",\"position\":1,\"name\":\"Home\",\"item\":\"https:\/\/www.royal-karthago.com\/de\/\"},{\"@type\":\"ListItem\",\"position\":2,\"name\":\"Thalasso &#038; Spa\"}]},{\"@type\":\"WebSite\",\"@id\":\"https:\/\/www.royal-karthago.com\/de\/#website\",\"url\":\"https:\/\/www.royal-karthago.com\/de\/\",\"name\":\"Royal Karthago Djerba\",\"description\":\"\",\"potentialAction\":[{\"@type\":\"SearchAction\",\"target\":{\"@type\":\"EntryPoint\",\"urlTemplate\":\"https:\/\/www.royal-karthago.com\/de\/?s={search_term_string}\"},\"query-input\":{\"@type\":\"PropertyValueSpecification\",\"valueRequired\":true,\"valueName\":\"search_term_string\"}}],\"inLanguage\":\"de\"}]}<\/script>\n<!-- \/ Yoast SEO plugin. -->","yoast_head_json":{"title":"Thalasso & Spa - Royal Karthago Djerba","description":"Das Royal Karthago Djerba &amp; Thalasso \u00f6ffnet die T\u00fcren des KAYSA-Zentrums: 1.220 m\u00b2, komplett f\u00fcr K\u00f6rper und Geist. Eine elegante Oase f\u00fcr totale Entspannung, in der Wellness, Komfort und Ruhe perfekt harmonieren","robots":{"index":"index","follow":"follow","max-snippet":"max-snippet:-1","max-image-preview":"max-image-preview:large","max-video-preview":"max-video-preview:-1"},"canonical":"https:\/\/www.royal-karthago.com\/de\/thalasso-spa\/","og_locale":"de_DE","og_type":"article","og_title":"Thalasso & Spa - Royal Karthago Djerba","og_description":"Das Royal Karthago Djerba &amp; Thalasso \u00f6ffnet die T\u00fcren des KAYSA-Zentrums: 1.220 m\u00b2, komplett f\u00fcr K\u00f6rper und Geist. Eine elegante Oase f\u00fcr totale Entspannung, in der Wellness, Komfort und Ruhe perfekt harmonieren","og_url":"https:\/\/www.royal-karthago.com\/de\/thalasso-spa\/","og_site_name":"Royal Karthago Djerba","article_modified_time":"2026-03-30T11:47:04+00:00","twitter_card":"summary_large_image","twitter_misc":{"Est. reading time":"1\u00a0Minute"},"schema":{"@context":"https:\/\/schema.org","@graph":[{"@type":"WebPage","@id":"https:\/\/www.royal-karthago.com\/de\/thalasso-spa\/","url":"https:\/\/www.royal-karthago.com\/de\/thalasso-spa\/","name":"Thalasso & Spa - Royal Karthago Djerba","isPartOf":{"@id":"https:\/\/www.royal-karthago.com\/de\/#website"},"datePublished":"2026-03-11T13:17:59+00:00","dateModified":"2026-03-30T11:47:04+00:00","description":"Das Royal Karthago Djerba &amp; Thalasso \u00f6ffnet die T\u00fcren des KAYSA-Zentrums: 1.220 m\u00b2, komplett f\u00fcr K\u00f6rper und Geist. Eine elegante Oase f\u00fcr totale Entspannung, in der Wellness, Komfort und Ruhe perfekt harmonieren","breadcrumb":{"@id":"https:\/\/www.royal-karthago.com\/de\/thalasso-spa\/#breadcrumb"},"inLanguage":"de","potentialAction":[{"@type":"ReadAction","target":["https:\/\/www.royal-karthago.com\/de\/thalasso-spa\/"]}]},{"@type":"BreadcrumbList","@id":"https:\/\/www.royal-karthago.com\/de\/thalasso-spa\/#breadcrumb","itemListElement":[{"@type":"ListItem","position":1,"name":"Home","item":"https:\/\/www.royal-karthago.com\/de\/"},{"@type":"ListItem","position":2,"name":"Thalasso &#038; Spa"}]},{"@type":"WebSite","@id":"https:\/\/www.royal-karthago.com\/de\/#website","url":"https:\/\/www.royal-karthago.com\/de\/","name":"Royal Karthago Djerba","description":"","potentialAction":[{"@type":"SearchAction","target":{"@type":"EntryPoint","urlTemplate":"https:\/\/www.royal-karthago.com\/de\/?s={search_term_string}"},"query-input":{"@type":"PropertyValueSpecification","valueRequired":true,"valueName":"search_term_string"}}],"inLanguage":"de"}]}},"acf":[],"_links":{"self":[{"href":"https:\/\/www.royal-karthago.com\/de\/wp-json\/wp\/v2\/pages\/298","targetHints":{"allow":["GET"]}}],"collection":[{"href":"https:\/\/www.royal-karthago.com\/de\/wp-json\/wp\/v2\/pages"}],"about":[{"href":"https:\/\/www.royal-karthago.com\/de\/wp-json\/wp\/v2\/types\/page"}],"author":[{"embeddable":true,"href":"https:\/\/www.royal-karthago.com\/de\/wp-json\/wp\/v2\/users\/13"}],"replies":[{"embeddable":true,"href":"https:\/\/www.royal-karthago.com\/de\/wp-json\/wp\/v2\/comments?post=298"}],"version-history":[{"count":0,"href":"https:\/\/www.royal-karthago.com\/de\/wp-json\/wp\/v2\/pages\/298\/revisions"}],"wp:attachment":[{"href":"https:\/\/www.royal-karthago.com\/de\/wp-json\/wp\/v2\/media?parent=298"}],"curies":[{"name":"wp","href":"https:\/\/api.w.org\/{rel}","templated":true}]}}