{"id":294,"date":"2026-03-11T13:03:42","date_gmt":"2026-03-11T13:03:42","guid":{"rendered":"https:\/\/royal-karthago.ms3.decms.eu\/restaurants-bars\/"},"modified":"2026-03-31T09:17:34","modified_gmt":"2026-03-31T09:17:34","slug":"restaurants-bars","status":"publish","type":"page","link":"https:\/\/www.royal-karthago.com\/de\/restaurants-bars\/","title":{"rendered":"Restaurants &#038; Bars"},"content":{"rendered":"<p style=\"text-align: center;\">Im Royal Karthago Thalasso &amp; Spa ist Gastronomie mehr als nur ein Service \u2013 sie ist eine Einladung zu einer kulinarischen Reise. Unser kulinarisches Angebot vereint gekonnt traditionelle tunesische Aromen mit internationalen Klassikern, um alle W\u00fcnsche zu erf\u00fcllen. Dank unseres All-inclusive-Angebots wird jeder Genuss zug\u00e4nglich und entspannt.<\/p>\n<p>&nbsp;<\/p>\n","protected":false},"excerpt":{"rendered":"<p>Im Royal Karthago Thalasso &amp; Spa ist Gastronomie mehr als nur ein Service \u2013 sie ist eine Einladung zu einer kulinarischen Reise. Unser kulinarisches Angebot vereint gekonnt traditionelle tunesische Aromen mit internationalen Klassikern, um alle W\u00fcnsche zu erf\u00fcllen. Dank unseres All-inclusive-Angebots wird jeder Genuss zug\u00e4nglich und entspannt. &nbsp;<\/p>\n","protected":false},"author":13,"featured_media":0,"parent":0,"menu_order":2,"comment_status":"closed","ping_status":"closed","template":"template-restaurants.php","meta":{"footnotes":""},"class_list":["post-294","page","type-page","status-publish","hentry"],"yoast_head":"<!-- This site is optimized with the Yoast SEO plugin v26.9 - https:\/\/yoast.com\/product\/yoast-seo-wordpress\/ -->\n<title>Restaurants &amp; Bars - Royal Karthago Djerba<\/title>\n<meta name=\"description\" content=\"Im Royal Karthago Thalasso &amp; Spa ist Gastronomie mehr als nur ein Service \u2013 sie ist eine Einladung zu einer kulinarischen Reise. Unser kulinarisches Angebot vereint gekonnt traditionelle tunesische Aromen mit internationalen Klassikern, um alle W\u00fcnsche zu erf\u00fcllen\" \/>\n<meta name=\"robots\" content=\"index, follow, max-snippet:-1, max-image-preview:large, max-video-preview:-1\" \/>\n<link rel=\"canonical\" href=\"https:\/\/www.royal-karthago.com\/de\/restaurants-bars\/\" \/>\n<meta property=\"og:locale\" content=\"de_DE\" \/>\n<meta property=\"og:type\" content=\"article\" \/>\n<meta property=\"og:title\" content=\"Restaurants &amp; Bars - Royal Karthago Djerba\" \/>\n<meta property=\"og:description\" content=\"Im Royal Karthago Thalasso &amp; Spa ist Gastronomie mehr als nur ein Service \u2013 sie ist eine Einladung zu einer kulinarischen Reise. Unser kulinarisches Angebot vereint gekonnt traditionelle tunesische Aromen mit internationalen Klassikern, um alle W\u00fcnsche zu erf\u00fcllen\" \/>\n<meta property=\"og:url\" content=\"https:\/\/www.royal-karthago.com\/de\/restaurants-bars\/\" \/>\n<meta property=\"og:site_name\" content=\"Royal Karthago Djerba\" \/>\n<meta property=\"article:modified_time\" content=\"2026-03-31T09:17:34+00:00\" \/>\n<meta name=\"twitter:card\" content=\"summary_large_image\" \/>\n<meta name=\"twitter:label1\" content=\"Est. reading time\" \/>\n\t<meta name=\"twitter:data1\" content=\"1\u00a0Minute\" \/>\n<script type=\"application\/ld+json\" class=\"yoast-schema-graph\">{\"@context\":\"https:\/\/schema.org\",\"@graph\":[{\"@type\":\"WebPage\",\"@id\":\"https:\/\/www.royal-karthago.com\/de\/restaurants-bars\/\",\"url\":\"https:\/\/www.royal-karthago.com\/de\/restaurants-bars\/\",\"name\":\"Restaurants & Bars - Royal Karthago Djerba\",\"isPartOf\":{\"@id\":\"https:\/\/www.royal-karthago.com\/de\/#website\"},\"datePublished\":\"2026-03-11T13:03:42+00:00\",\"dateModified\":\"2026-03-31T09:17:34+00:00\",\"description\":\"Im Royal Karthago Thalasso &amp; Spa ist Gastronomie mehr als nur ein Service \u2013 sie ist eine Einladung zu einer kulinarischen Reise. Unser kulinarisches Angebot vereint gekonnt traditionelle tunesische Aromen mit internationalen Klassikern, um alle W\u00fcnsche zu erf\u00fcllen\",\"breadcrumb\":{\"@id\":\"https:\/\/www.royal-karthago.com\/de\/restaurants-bars\/#breadcrumb\"},\"inLanguage\":\"de\",\"potentialAction\":[{\"@type\":\"ReadAction\",\"target\":[\"https:\/\/www.royal-karthago.com\/de\/restaurants-bars\/\"]}]},{\"@type\":\"BreadcrumbList\",\"@id\":\"https:\/\/www.royal-karthago.com\/de\/restaurants-bars\/#breadcrumb\",\"itemListElement\":[{\"@type\":\"ListItem\",\"position\":1,\"name\":\"Home\",\"item\":\"https:\/\/www.royal-karthago.com\/de\/\"},{\"@type\":\"ListItem\",\"position\":2,\"name\":\"Restaurants &#038; Bars\"}]},{\"@type\":\"WebSite\",\"@id\":\"https:\/\/www.royal-karthago.com\/de\/#website\",\"url\":\"https:\/\/www.royal-karthago.com\/de\/\",\"name\":\"Royal Karthago Djerba\",\"description\":\"\",\"potentialAction\":[{\"@type\":\"SearchAction\",\"target\":{\"@type\":\"EntryPoint\",\"urlTemplate\":\"https:\/\/www.royal-karthago.com\/de\/?s={search_term_string}\"},\"query-input\":{\"@type\":\"PropertyValueSpecification\",\"valueRequired\":true,\"valueName\":\"search_term_string\"}}],\"inLanguage\":\"de\"}]}<\/script>\n<!-- \/ Yoast SEO plugin. -->","yoast_head_json":{"title":"Restaurants & Bars - Royal Karthago Djerba","description":"Im Royal Karthago Thalasso &amp; Spa ist Gastronomie mehr als nur ein Service \u2013 sie ist eine Einladung zu einer kulinarischen Reise. Unser kulinarisches Angebot vereint gekonnt traditionelle tunesische Aromen mit internationalen Klassikern, um alle W\u00fcnsche zu erf\u00fcllen","robots":{"index":"index","follow":"follow","max-snippet":"max-snippet:-1","max-image-preview":"max-image-preview:large","max-video-preview":"max-video-preview:-1"},"canonical":"https:\/\/www.royal-karthago.com\/de\/restaurants-bars\/","og_locale":"de_DE","og_type":"article","og_title":"Restaurants & Bars - Royal Karthago Djerba","og_description":"Im Royal Karthago Thalasso &amp; Spa ist Gastronomie mehr als nur ein Service \u2013 sie ist eine Einladung zu einer kulinarischen Reise. Unser kulinarisches Angebot vereint gekonnt traditionelle tunesische Aromen mit internationalen Klassikern, um alle W\u00fcnsche zu erf\u00fcllen","og_url":"https:\/\/www.royal-karthago.com\/de\/restaurants-bars\/","og_site_name":"Royal Karthago Djerba","article_modified_time":"2026-03-31T09:17:34+00:00","twitter_card":"summary_large_image","twitter_misc":{"Est. reading time":"1\u00a0Minute"},"schema":{"@context":"https:\/\/schema.org","@graph":[{"@type":"WebPage","@id":"https:\/\/www.royal-karthago.com\/de\/restaurants-bars\/","url":"https:\/\/www.royal-karthago.com\/de\/restaurants-bars\/","name":"Restaurants & Bars - Royal Karthago Djerba","isPartOf":{"@id":"https:\/\/www.royal-karthago.com\/de\/#website"},"datePublished":"2026-03-11T13:03:42+00:00","dateModified":"2026-03-31T09:17:34+00:00","description":"Im Royal Karthago Thalasso &amp; Spa ist Gastronomie mehr als nur ein Service \u2013 sie ist eine Einladung zu einer kulinarischen Reise. Unser kulinarisches Angebot vereint gekonnt traditionelle tunesische Aromen mit internationalen Klassikern, um alle W\u00fcnsche zu erf\u00fcllen","breadcrumb":{"@id":"https:\/\/www.royal-karthago.com\/de\/restaurants-bars\/#breadcrumb"},"inLanguage":"de","potentialAction":[{"@type":"ReadAction","target":["https:\/\/www.royal-karthago.com\/de\/restaurants-bars\/"]}]},{"@type":"BreadcrumbList","@id":"https:\/\/www.royal-karthago.com\/de\/restaurants-bars\/#breadcrumb","itemListElement":[{"@type":"ListItem","position":1,"name":"Home","item":"https:\/\/www.royal-karthago.com\/de\/"},{"@type":"ListItem","position":2,"name":"Restaurants &#038; Bars"}]},{"@type":"WebSite","@id":"https:\/\/www.royal-karthago.com\/de\/#website","url":"https:\/\/www.royal-karthago.com\/de\/","name":"Royal Karthago Djerba","description":"","potentialAction":[{"@type":"SearchAction","target":{"@type":"EntryPoint","urlTemplate":"https:\/\/www.royal-karthago.com\/de\/?s={search_term_string}"},"query-input":{"@type":"PropertyValueSpecification","valueRequired":true,"valueName":"search_term_string"}}],"inLanguage":"de"}]}},"acf":[],"_links":{"self":[{"href":"https:\/\/www.royal-karthago.com\/de\/wp-json\/wp\/v2\/pages\/294","targetHints":{"allow":["GET"]}}],"collection":[{"href":"https:\/\/www.royal-karthago.com\/de\/wp-json\/wp\/v2\/pages"}],"about":[{"href":"https:\/\/www.royal-karthago.com\/de\/wp-json\/wp\/v2\/types\/page"}],"author":[{"embeddable":true,"href":"https:\/\/www.royal-karthago.com\/de\/wp-json\/wp\/v2\/users\/13"}],"replies":[{"embeddable":true,"href":"https:\/\/www.royal-karthago.com\/de\/wp-json\/wp\/v2\/comments?post=294"}],"version-history":[{"count":0,"href":"https:\/\/www.royal-karthago.com\/de\/wp-json\/wp\/v2\/pages\/294\/revisions"}],"wp:attachment":[{"href":"https:\/\/www.royal-karthago.com\/de\/wp-json\/wp\/v2\/media?parent=294"}],"curies":[{"name":"wp","href":"https:\/\/api.w.org\/{rel}","templated":true}]}}