{"id":275,"date":"2026-03-11T12:45:59","date_gmt":"2026-03-11T12:45:59","guid":{"rendered":"https:\/\/royal-karthago.ms3.decms.eu\/zimmer-suiten\/chambre-double-standard\/"},"modified":"2026-03-27T09:58:29","modified_gmt":"2026-03-27T09:58:29","slug":"standard-doppelzimmer","status":"publish","type":"page","link":"https:\/\/www.royal-karthago.com\/de\/zimmer-suiten\/standard-doppelzimmer\/","title":{"rendered":"Standard Doppelzimmer"},"content":{"rendered":"<p style=\"text-align: center;\">Das Royal Karthago Thalasso &amp; Spa bietet 388 Standardzimmer in Djerba, die maximalen Komfort im Herzen unseres Resorts bieten. Mit einer Gr\u00f6\u00dfe von 18 m\u00b2 f\u00fcr 1 bis 2 Personen orientieren sich die Zimmer an der djerbischen Architektur der Menzels. Sie verf\u00fcgen entweder \u00fcber ein Doppelbett (160&#215;190 cm) oder zwei Einzelbetten (85&#215;190 cm) und eine zus\u00e4tzliche Schlafbank f\u00fcr noch mehr Komfort.<\/p>\n","protected":false},"excerpt":{"rendered":"<p>Das Royal Karthago Thalasso &amp; Spa bietet 388 Standardzimmer in Djerba, die maximalen Komfort im Herzen unseres Resorts bieten. Mit einer Gr\u00f6\u00dfe von 18 m\u00b2 f\u00fcr 1 bis 2 Personen orientieren sich die Zimmer an der djerbischen Architektur der Menzels. Sie verf\u00fcgen entweder \u00fcber ein Doppelbett (160&#215;190 cm) oder zwei Einzelbetten (85&#215;190 cm) und eine [&hellip;]<\/p>\n","protected":false},"author":13,"featured_media":0,"parent":272,"menu_order":4,"comment_status":"closed","ping_status":"closed","template":"template-single-room.php","meta":{"footnotes":""},"class_list":["post-275","page","type-page","status-publish","hentry"],"yoast_head":"<!-- This site is optimized with the Yoast SEO plugin v26.9 - https:\/\/yoast.com\/product\/yoast-seo-wordpress\/ -->\n<title>Standard Doppelzimmer - Royal Karthago Djerba<\/title>\n<meta name=\"description\" content=\"Das Royal Karthago Thalasso &amp; Spa bietet 388 Standardzimmer in Djerba, die maximalen Komfort im Herzen unseres Resorts bieten. Mit einer Gr\u00f6\u00dfe von 18 m\u00b2 f\u00fcr 1 bis 2 Personen orientieren sich die Zimmer an der djerbischen Architektur der Menzels\" \/>\n<meta name=\"robots\" content=\"index, follow, max-snippet:-1, max-image-preview:large, max-video-preview:-1\" \/>\n<link rel=\"canonical\" href=\"https:\/\/www.royal-karthago.com\/de\/zimmer-suiten\/standard-doppelzimmer\/\" \/>\n<meta property=\"og:locale\" content=\"de_DE\" \/>\n<meta property=\"og:type\" content=\"article\" \/>\n<meta property=\"og:title\" content=\"Standard Doppelzimmer - Royal Karthago Djerba\" \/>\n<meta property=\"og:description\" content=\"Das Royal Karthago Thalasso &amp; Spa bietet 388 Standardzimmer in Djerba, die maximalen Komfort im Herzen unseres Resorts bieten. Mit einer Gr\u00f6\u00dfe von 18 m\u00b2 f\u00fcr 1 bis 2 Personen orientieren sich die Zimmer an der djerbischen Architektur der Menzels\" \/>\n<meta property=\"og:url\" content=\"https:\/\/www.royal-karthago.com\/de\/zimmer-suiten\/standard-doppelzimmer\/\" \/>\n<meta property=\"og:site_name\" content=\"Royal Karthago Djerba\" \/>\n<meta property=\"article:modified_time\" content=\"2026-03-27T09:58:29+00:00\" \/>\n<meta name=\"twitter:card\" content=\"summary_large_image\" \/>\n<meta name=\"twitter:label1\" content=\"Est. reading time\" \/>\n\t<meta name=\"twitter:data1\" content=\"1\u00a0Minute\" \/>\n<script type=\"application\/ld+json\" class=\"yoast-schema-graph\">{\"@context\":\"https:\/\/schema.org\",\"@graph\":[{\"@type\":\"WebPage\",\"@id\":\"https:\/\/www.royal-karthago.com\/de\/zimmer-suiten\/standard-doppelzimmer\/\",\"url\":\"https:\/\/www.royal-karthago.com\/de\/zimmer-suiten\/standard-doppelzimmer\/\",\"name\":\"Standard Doppelzimmer - Royal Karthago Djerba\",\"isPartOf\":{\"@id\":\"https:\/\/www.royal-karthago.com\/de\/#website\"},\"datePublished\":\"2026-03-11T12:45:59+00:00\",\"dateModified\":\"2026-03-27T09:58:29+00:00\",\"description\":\"Das Royal Karthago Thalasso &amp; Spa bietet 388 Standardzimmer in Djerba, die maximalen Komfort im Herzen unseres Resorts bieten. Mit einer Gr\u00f6\u00dfe von 18 m\u00b2 f\u00fcr 1 bis 2 Personen orientieren sich die Zimmer an der djerbischen Architektur der Menzels\",\"breadcrumb\":{\"@id\":\"https:\/\/www.royal-karthago.com\/de\/zimmer-suiten\/standard-doppelzimmer\/#breadcrumb\"},\"inLanguage\":\"de\",\"potentialAction\":[{\"@type\":\"ReadAction\",\"target\":[\"https:\/\/www.royal-karthago.com\/de\/zimmer-suiten\/standard-doppelzimmer\/\"]}]},{\"@type\":\"BreadcrumbList\",\"@id\":\"https:\/\/www.royal-karthago.com\/de\/zimmer-suiten\/standard-doppelzimmer\/#breadcrumb\",\"itemListElement\":[{\"@type\":\"ListItem\",\"position\":1,\"name\":\"Home\",\"item\":\"https:\/\/www.royal-karthago.com\/de\/\"},{\"@type\":\"ListItem\",\"position\":2,\"name\":\"Zimmer &#038; Suiten\",\"item\":\"https:\/\/www.royal-karthago.com\/de\/chambres-suites\/\"},{\"@type\":\"ListItem\",\"position\":3,\"name\":\"Standard Doppelzimmer\"}]},{\"@type\":\"WebSite\",\"@id\":\"https:\/\/www.royal-karthago.com\/de\/#website\",\"url\":\"https:\/\/www.royal-karthago.com\/de\/\",\"name\":\"Royal Karthago Djerba\",\"description\":\"\",\"potentialAction\":[{\"@type\":\"SearchAction\",\"target\":{\"@type\":\"EntryPoint\",\"urlTemplate\":\"https:\/\/www.royal-karthago.com\/de\/?s={search_term_string}\"},\"query-input\":{\"@type\":\"PropertyValueSpecification\",\"valueRequired\":true,\"valueName\":\"search_term_string\"}}],\"inLanguage\":\"de\"}]}<\/script>\n<!-- \/ Yoast SEO plugin. -->","yoast_head_json":{"title":"Standard Doppelzimmer - Royal Karthago Djerba","description":"Das Royal Karthago Thalasso &amp; Spa bietet 388 Standardzimmer in Djerba, die maximalen Komfort im Herzen unseres Resorts bieten. Mit einer Gr\u00f6\u00dfe von 18 m\u00b2 f\u00fcr 1 bis 2 Personen orientieren sich die Zimmer an der djerbischen Architektur der Menzels","robots":{"index":"index","follow":"follow","max-snippet":"max-snippet:-1","max-image-preview":"max-image-preview:large","max-video-preview":"max-video-preview:-1"},"canonical":"https:\/\/www.royal-karthago.com\/de\/zimmer-suiten\/standard-doppelzimmer\/","og_locale":"de_DE","og_type":"article","og_title":"Standard Doppelzimmer - Royal Karthago Djerba","og_description":"Das Royal Karthago Thalasso &amp; Spa bietet 388 Standardzimmer in Djerba, die maximalen Komfort im Herzen unseres Resorts bieten. Mit einer Gr\u00f6\u00dfe von 18 m\u00b2 f\u00fcr 1 bis 2 Personen orientieren sich die Zimmer an der djerbischen Architektur der Menzels","og_url":"https:\/\/www.royal-karthago.com\/de\/zimmer-suiten\/standard-doppelzimmer\/","og_site_name":"Royal Karthago Djerba","article_modified_time":"2026-03-27T09:58:29+00:00","twitter_card":"summary_large_image","twitter_misc":{"Est. reading time":"1\u00a0Minute"},"schema":{"@context":"https:\/\/schema.org","@graph":[{"@type":"WebPage","@id":"https:\/\/www.royal-karthago.com\/de\/zimmer-suiten\/standard-doppelzimmer\/","url":"https:\/\/www.royal-karthago.com\/de\/zimmer-suiten\/standard-doppelzimmer\/","name":"Standard Doppelzimmer - Royal Karthago Djerba","isPartOf":{"@id":"https:\/\/www.royal-karthago.com\/de\/#website"},"datePublished":"2026-03-11T12:45:59+00:00","dateModified":"2026-03-27T09:58:29+00:00","description":"Das Royal Karthago Thalasso &amp; Spa bietet 388 Standardzimmer in Djerba, die maximalen Komfort im Herzen unseres Resorts bieten. Mit einer Gr\u00f6\u00dfe von 18 m\u00b2 f\u00fcr 1 bis 2 Personen orientieren sich die Zimmer an der djerbischen Architektur der Menzels","breadcrumb":{"@id":"https:\/\/www.royal-karthago.com\/de\/zimmer-suiten\/standard-doppelzimmer\/#breadcrumb"},"inLanguage":"de","potentialAction":[{"@type":"ReadAction","target":["https:\/\/www.royal-karthago.com\/de\/zimmer-suiten\/standard-doppelzimmer\/"]}]},{"@type":"BreadcrumbList","@id":"https:\/\/www.royal-karthago.com\/de\/zimmer-suiten\/standard-doppelzimmer\/#breadcrumb","itemListElement":[{"@type":"ListItem","position":1,"name":"Home","item":"https:\/\/www.royal-karthago.com\/de\/"},{"@type":"ListItem","position":2,"name":"Zimmer &#038; Suiten","item":"https:\/\/www.royal-karthago.com\/de\/chambres-suites\/"},{"@type":"ListItem","position":3,"name":"Standard Doppelzimmer"}]},{"@type":"WebSite","@id":"https:\/\/www.royal-karthago.com\/de\/#website","url":"https:\/\/www.royal-karthago.com\/de\/","name":"Royal Karthago Djerba","description":"","potentialAction":[{"@type":"SearchAction","target":{"@type":"EntryPoint","urlTemplate":"https:\/\/www.royal-karthago.com\/de\/?s={search_term_string}"},"query-input":{"@type":"PropertyValueSpecification","valueRequired":true,"valueName":"search_term_string"}}],"inLanguage":"de"}]}},"acf":[],"_links":{"self":[{"href":"https:\/\/www.royal-karthago.com\/de\/wp-json\/wp\/v2\/pages\/275","targetHints":{"allow":["GET"]}}],"collection":[{"href":"https:\/\/www.royal-karthago.com\/de\/wp-json\/wp\/v2\/pages"}],"about":[{"href":"https:\/\/www.royal-karthago.com\/de\/wp-json\/wp\/v2\/types\/page"}],"author":[{"embeddable":true,"href":"https:\/\/www.royal-karthago.com\/de\/wp-json\/wp\/v2\/users\/13"}],"replies":[{"embeddable":true,"href":"https:\/\/www.royal-karthago.com\/de\/wp-json\/wp\/v2\/comments?post=275"}],"version-history":[{"count":0,"href":"https:\/\/www.royal-karthago.com\/de\/wp-json\/wp\/v2\/pages\/275\/revisions"}],"up":[{"embeddable":true,"href":"https:\/\/www.royal-karthago.com\/de\/wp-json\/wp\/v2\/pages\/272"}],"wp:attachment":[{"href":"https:\/\/www.royal-karthago.com\/de\/wp-json\/wp\/v2\/media?parent=275"}],"curies":[{"name":"wp","href":"https:\/\/api.w.org\/{rel}","templated":true}]}}