{"id":272,"date":"2026-03-11T12:44:34","date_gmt":"2026-03-11T12:44:34","guid":{"rendered":"https:\/\/royal-karthago.ms3.decms.eu\/chambres-suites\/"},"modified":"2026-03-27T09:47:01","modified_gmt":"2026-03-27T09:47:01","slug":"zimmer-suiten","status":"publish","type":"page","link":"https:\/\/www.royal-karthago.com\/de\/zimmer-suiten\/","title":{"rendered":"Zimmer &#038; Suiten"},"content":{"rendered":"<p style=\"text-align: center;\">Checken Sie im Royal Karthago Thalasso &amp; Spa ein und g\u00f6nnen Sie sich eine Auszeit voller Ruhe. Genie\u00dfen Sie den Komfort eines Hotelzimmers in Tunesien, das auf Ihre Entspannung und Ihr Wohlbefinden ausgerichtet ist.<\/p>\n<p style=\"text-align: center;\">Das Royal Karthago in Djerba verf\u00fcgt \u00fcber 461 Zimmer: 388 Standardzimmer, 54 Vierbettzimmer, 19 Familienzimmer und 4 Suiten. Alle Zimmer sind von der traditionellen djerbischen Architektur inspiriert und verbinden mediterrane Einfl\u00fcsse mit modernen Akzenten. Nat\u00fcrliche Materialien und warme Farben schaffen eine gem\u00fctliche Atmosph\u00e4re, die den authentischen Charme der Insel widerspiegelt.<\/p>\n<p style=\"text-align: center;\">Die Zimmerausstattung erf\u00fcllt alle Anspr\u00fcche eines 4-Sterne-Hotels: Klimaanlage im Sommer (15.06.\u201315.09.) und Heizung im Winter (15.11.\u201315.03.) garantieren einen angenehmen Aufenthalt zu jeder Jahreszeit. Ob f\u00fcr Paare oder Familien, die ger\u00e4umigen und hellen Zimmer passen sich Ihren Bed\u00fcrfnissen an<\/p>\n","protected":false},"excerpt":{"rendered":"<p>Checken Sie im Royal Karthago Thalasso &amp; Spa ein und g\u00f6nnen Sie sich eine Auszeit voller Ruhe. Genie\u00dfen Sie den Komfort eines Hotelzimmers in Tunesien, das auf Ihre Entspannung und Ihr Wohlbefinden ausgerichtet ist. Das Royal Karthago in Djerba verf\u00fcgt \u00fcber 461 Zimmer: 388 Standardzimmer, 54 Vierbettzimmer, 19 Familienzimmer und 4 Suiten. Alle Zimmer sind [&hellip;]<\/p>\n","protected":false},"author":13,"featured_media":0,"parent":0,"menu_order":1,"comment_status":"closed","ping_status":"closed","template":"template-rooms.php","meta":{"footnotes":""},"class_list":["post-272","page","type-page","status-publish","hentry"],"yoast_head":"<!-- This site is optimized with the Yoast SEO plugin v26.9 - https:\/\/yoast.com\/product\/yoast-seo-wordpress\/ -->\n<title>Zimmer &amp; Suiten - Royal Karthago Djerba<\/title>\n<meta name=\"description\" content=\"Checken Sie im Royal Karthago Thalasso &amp; Spa ein und g\u00f6nnen Sie sich eine Auszeit voller Ruhe. Genie\u00dfen Sie den Komfort eines Hotelzimmers in Tunesien, das auf Ihre Entspannung und Ihr Wohlbefinden ausgerichtet ist. Das Royal Karthago in Djerba verf\u00fcgt \u00fcber 461 Zimmer: 388 Standardzimmer, 54 Vierbettzimmer, 19 Familienzimmer und 4 Suiten\" \/>\n<meta name=\"robots\" content=\"index, follow, max-snippet:-1, max-image-preview:large, max-video-preview:-1\" \/>\n<link rel=\"canonical\" href=\"https:\/\/www.royal-karthago.com\/de\/zimmer-suiten\/\" \/>\n<meta property=\"og:locale\" content=\"de_DE\" \/>\n<meta property=\"og:type\" content=\"article\" \/>\n<meta property=\"og:title\" content=\"Zimmer &amp; Suiten - Royal Karthago Djerba\" \/>\n<meta property=\"og:description\" content=\"Checken Sie im Royal Karthago Thalasso &amp; Spa ein und g\u00f6nnen Sie sich eine Auszeit voller Ruhe. Genie\u00dfen Sie den Komfort eines Hotelzimmers in Tunesien, das auf Ihre Entspannung und Ihr Wohlbefinden ausgerichtet ist. Das Royal Karthago in Djerba verf\u00fcgt \u00fcber 461 Zimmer: 388 Standardzimmer, 54 Vierbettzimmer, 19 Familienzimmer und 4 Suiten\" \/>\n<meta property=\"og:url\" content=\"https:\/\/www.royal-karthago.com\/de\/zimmer-suiten\/\" \/>\n<meta property=\"og:site_name\" content=\"Royal Karthago Djerba\" \/>\n<meta property=\"article:modified_time\" content=\"2026-03-27T09:47:01+00:00\" \/>\n<meta name=\"twitter:card\" content=\"summary_large_image\" \/>\n<meta name=\"twitter:label1\" content=\"Est. reading time\" \/>\n\t<meta name=\"twitter:data1\" content=\"1\u00a0Minute\" \/>\n<script type=\"application\/ld+json\" class=\"yoast-schema-graph\">{\"@context\":\"https:\/\/schema.org\",\"@graph\":[{\"@type\":\"WebPage\",\"@id\":\"https:\/\/www.royal-karthago.com\/de\/zimmer-suiten\/\",\"url\":\"https:\/\/www.royal-karthago.com\/de\/zimmer-suiten\/\",\"name\":\"Zimmer & Suiten - Royal Karthago Djerba\",\"isPartOf\":{\"@id\":\"https:\/\/www.royal-karthago.com\/de\/#website\"},\"datePublished\":\"2026-03-11T12:44:34+00:00\",\"dateModified\":\"2026-03-27T09:47:01+00:00\",\"description\":\"Checken Sie im Royal Karthago Thalasso &amp; Spa ein und g\u00f6nnen Sie sich eine Auszeit voller Ruhe. Genie\u00dfen Sie den Komfort eines Hotelzimmers in Tunesien, das auf Ihre Entspannung und Ihr Wohlbefinden ausgerichtet ist. Das Royal Karthago in Djerba verf\u00fcgt \u00fcber 461 Zimmer: 388 Standardzimmer, 54 Vierbettzimmer, 19 Familienzimmer und 4 Suiten\",\"breadcrumb\":{\"@id\":\"https:\/\/www.royal-karthago.com\/de\/zimmer-suiten\/#breadcrumb\"},\"inLanguage\":\"de\",\"potentialAction\":[{\"@type\":\"ReadAction\",\"target\":[\"https:\/\/www.royal-karthago.com\/de\/zimmer-suiten\/\"]}]},{\"@type\":\"BreadcrumbList\",\"@id\":\"https:\/\/www.royal-karthago.com\/de\/zimmer-suiten\/#breadcrumb\",\"itemListElement\":[{\"@type\":\"ListItem\",\"position\":1,\"name\":\"Home\",\"item\":\"https:\/\/www.royal-karthago.com\/de\/\"},{\"@type\":\"ListItem\",\"position\":2,\"name\":\"Zimmer &#038; Suiten\"}]},{\"@type\":\"WebSite\",\"@id\":\"https:\/\/www.royal-karthago.com\/de\/#website\",\"url\":\"https:\/\/www.royal-karthago.com\/de\/\",\"name\":\"Royal Karthago Djerba\",\"description\":\"\",\"potentialAction\":[{\"@type\":\"SearchAction\",\"target\":{\"@type\":\"EntryPoint\",\"urlTemplate\":\"https:\/\/www.royal-karthago.com\/de\/?s={search_term_string}\"},\"query-input\":{\"@type\":\"PropertyValueSpecification\",\"valueRequired\":true,\"valueName\":\"search_term_string\"}}],\"inLanguage\":\"de\"}]}<\/script>\n<!-- \/ Yoast SEO plugin. -->","yoast_head_json":{"title":"Zimmer & Suiten - Royal Karthago Djerba","description":"Checken Sie im Royal Karthago Thalasso &amp; Spa ein und g\u00f6nnen Sie sich eine Auszeit voller Ruhe. Genie\u00dfen Sie den Komfort eines Hotelzimmers in Tunesien, das auf Ihre Entspannung und Ihr Wohlbefinden ausgerichtet ist. Das Royal Karthago in Djerba verf\u00fcgt \u00fcber 461 Zimmer: 388 Standardzimmer, 54 Vierbettzimmer, 19 Familienzimmer und 4 Suiten","robots":{"index":"index","follow":"follow","max-snippet":"max-snippet:-1","max-image-preview":"max-image-preview:large","max-video-preview":"max-video-preview:-1"},"canonical":"https:\/\/www.royal-karthago.com\/de\/zimmer-suiten\/","og_locale":"de_DE","og_type":"article","og_title":"Zimmer & Suiten - Royal Karthago Djerba","og_description":"Checken Sie im Royal Karthago Thalasso &amp; Spa ein und g\u00f6nnen Sie sich eine Auszeit voller Ruhe. Genie\u00dfen Sie den Komfort eines Hotelzimmers in Tunesien, das auf Ihre Entspannung und Ihr Wohlbefinden ausgerichtet ist. Das Royal Karthago in Djerba verf\u00fcgt \u00fcber 461 Zimmer: 388 Standardzimmer, 54 Vierbettzimmer, 19 Familienzimmer und 4 Suiten","og_url":"https:\/\/www.royal-karthago.com\/de\/zimmer-suiten\/","og_site_name":"Royal Karthago Djerba","article_modified_time":"2026-03-27T09:47:01+00:00","twitter_card":"summary_large_image","twitter_misc":{"Est. reading time":"1\u00a0Minute"},"schema":{"@context":"https:\/\/schema.org","@graph":[{"@type":"WebPage","@id":"https:\/\/www.royal-karthago.com\/de\/zimmer-suiten\/","url":"https:\/\/www.royal-karthago.com\/de\/zimmer-suiten\/","name":"Zimmer & Suiten - Royal Karthago Djerba","isPartOf":{"@id":"https:\/\/www.royal-karthago.com\/de\/#website"},"datePublished":"2026-03-11T12:44:34+00:00","dateModified":"2026-03-27T09:47:01+00:00","description":"Checken Sie im Royal Karthago Thalasso &amp; Spa ein und g\u00f6nnen Sie sich eine Auszeit voller Ruhe. Genie\u00dfen Sie den Komfort eines Hotelzimmers in Tunesien, das auf Ihre Entspannung und Ihr Wohlbefinden ausgerichtet ist. Das Royal Karthago in Djerba verf\u00fcgt \u00fcber 461 Zimmer: 388 Standardzimmer, 54 Vierbettzimmer, 19 Familienzimmer und 4 Suiten","breadcrumb":{"@id":"https:\/\/www.royal-karthago.com\/de\/zimmer-suiten\/#breadcrumb"},"inLanguage":"de","potentialAction":[{"@type":"ReadAction","target":["https:\/\/www.royal-karthago.com\/de\/zimmer-suiten\/"]}]},{"@type":"BreadcrumbList","@id":"https:\/\/www.royal-karthago.com\/de\/zimmer-suiten\/#breadcrumb","itemListElement":[{"@type":"ListItem","position":1,"name":"Home","item":"https:\/\/www.royal-karthago.com\/de\/"},{"@type":"ListItem","position":2,"name":"Zimmer &#038; Suiten"}]},{"@type":"WebSite","@id":"https:\/\/www.royal-karthago.com\/de\/#website","url":"https:\/\/www.royal-karthago.com\/de\/","name":"Royal Karthago Djerba","description":"","potentialAction":[{"@type":"SearchAction","target":{"@type":"EntryPoint","urlTemplate":"https:\/\/www.royal-karthago.com\/de\/?s={search_term_string}"},"query-input":{"@type":"PropertyValueSpecification","valueRequired":true,"valueName":"search_term_string"}}],"inLanguage":"de"}]}},"acf":[],"_links":{"self":[{"href":"https:\/\/www.royal-karthago.com\/de\/wp-json\/wp\/v2\/pages\/272","targetHints":{"allow":["GET"]}}],"collection":[{"href":"https:\/\/www.royal-karthago.com\/de\/wp-json\/wp\/v2\/pages"}],"about":[{"href":"https:\/\/www.royal-karthago.com\/de\/wp-json\/wp\/v2\/types\/page"}],"author":[{"embeddable":true,"href":"https:\/\/www.royal-karthago.com\/de\/wp-json\/wp\/v2\/users\/13"}],"replies":[{"embeddable":true,"href":"https:\/\/www.royal-karthago.com\/de\/wp-json\/wp\/v2\/comments?post=272"}],"version-history":[{"count":0,"href":"https:\/\/www.royal-karthago.com\/de\/wp-json\/wp\/v2\/pages\/272\/revisions"}],"wp:attachment":[{"href":"https:\/\/www.royal-karthago.com\/de\/wp-json\/wp\/v2\/media?parent=272"}],"curies":[{"name":"wp","href":"https:\/\/api.w.org\/{rel}","templated":true}]}}