{"id":268,"date":"2026-03-11T14:16:57","date_gmt":"2026-03-11T14:16:57","guid":{"rendered":"https:\/\/royal-karthago.ms3.decms.eu\/offres-speciales\/"},"modified":"2026-04-10T14:40:53","modified_gmt":"2026-04-10T14:40:53","slug":"sonderangebote","status":"publish","type":"page","link":"https:\/\/www.royal-karthago.com\/de\/sonderangebote\/","title":{"rendered":"Sonderangebote"},"content":{"rendered":"","protected":false},"excerpt":{"rendered":"","protected":false},"author":13,"featured_media":0,"parent":0,"menu_order":4,"comment_status":"closed","ping_status":"closed","template":"template-offers.php","meta":{"footnotes":""},"class_list":["post-268","page","type-page","status-publish","hentry"],"yoast_head":"<!-- This site is optimized with the Yoast SEO plugin v26.9 - https:\/\/yoast.com\/product\/yoast-seo-wordpress\/ -->\n<title>Angebote und Sonderaktionen \u2013 Urlaub auf Djerba | Royal Karthago Thalasso &amp; Spa<\/title>\n<meta name=\"description\" content=\"Buchen Sie Ihr Hotel auf Djerba und profitieren Sie von unseren Angeboten und Sonderaktionen. G\u00f6nnen Sie sich 4-Sterne-Komfort und Zugang zu unserem Thalasso-Center f\u00fcr einen au\u00dfergew\u00f6hnlichen Aufenthalt.\" \/>\n<meta name=\"robots\" content=\"index, follow, max-snippet:-1, max-image-preview:large, max-video-preview:-1\" \/>\n<link rel=\"canonical\" href=\"https:\/\/www.royal-karthago.com\/de\/sonderangebote\/\" \/>\n<meta property=\"og:locale\" content=\"de_DE\" \/>\n<meta property=\"og:type\" content=\"article\" \/>\n<meta property=\"og:title\" content=\"Angebote und Sonderaktionen \u2013 Urlaub auf Djerba | Royal Karthago Thalasso &amp; Spa\" \/>\n<meta property=\"og:description\" content=\"Buchen Sie Ihr Hotel auf Djerba und profitieren Sie von unseren Angeboten und Sonderaktionen. G\u00f6nnen Sie sich 4-Sterne-Komfort und Zugang zu unserem Thalasso-Center f\u00fcr einen au\u00dfergew\u00f6hnlichen Aufenthalt.\" \/>\n<meta property=\"og:url\" content=\"https:\/\/www.royal-karthago.com\/de\/sonderangebote\/\" \/>\n<meta property=\"og:site_name\" content=\"Royal Karthago Djerba\" \/>\n<meta property=\"article:modified_time\" content=\"2026-04-10T14:40:53+00:00\" \/>\n<meta name=\"twitter:card\" content=\"summary_large_image\" \/>\n<script type=\"application\/ld+json\" class=\"yoast-schema-graph\">{\"@context\":\"https:\/\/schema.org\",\"@graph\":[{\"@type\":\"WebPage\",\"@id\":\"https:\/\/www.royal-karthago.com\/de\/sonderangebote\/\",\"url\":\"https:\/\/www.royal-karthago.com\/de\/sonderangebote\/\",\"name\":\"Angebote und Sonderaktionen \u2013 Urlaub auf Djerba | Royal Karthago Thalasso & Spa\",\"isPartOf\":{\"@id\":\"https:\/\/www.royal-karthago.com\/de\/#website\"},\"datePublished\":\"2026-03-11T14:16:57+00:00\",\"dateModified\":\"2026-04-10T14:40:53+00:00\",\"description\":\"Buchen Sie Ihr Hotel auf Djerba und profitieren Sie von unseren Angeboten und Sonderaktionen. G\u00f6nnen Sie sich 4-Sterne-Komfort und Zugang zu unserem Thalasso-Center f\u00fcr einen au\u00dfergew\u00f6hnlichen Aufenthalt.\",\"breadcrumb\":{\"@id\":\"https:\/\/www.royal-karthago.com\/de\/sonderangebote\/#breadcrumb\"},\"inLanguage\":\"de\",\"potentialAction\":[{\"@type\":\"ReadAction\",\"target\":[\"https:\/\/www.royal-karthago.com\/de\/sonderangebote\/\"]}]},{\"@type\":\"BreadcrumbList\",\"@id\":\"https:\/\/www.royal-karthago.com\/de\/sonderangebote\/#breadcrumb\",\"itemListElement\":[{\"@type\":\"ListItem\",\"position\":1,\"name\":\"Home\",\"item\":\"https:\/\/www.royal-karthago.com\/de\/\"},{\"@type\":\"ListItem\",\"position\":2,\"name\":\"Sonderangebote\"}]},{\"@type\":\"WebSite\",\"@id\":\"https:\/\/www.royal-karthago.com\/de\/#website\",\"url\":\"https:\/\/www.royal-karthago.com\/de\/\",\"name\":\"Royal Karthago Djerba\",\"description\":\"\",\"potentialAction\":[{\"@type\":\"SearchAction\",\"target\":{\"@type\":\"EntryPoint\",\"urlTemplate\":\"https:\/\/www.royal-karthago.com\/de\/?s={search_term_string}\"},\"query-input\":{\"@type\":\"PropertyValueSpecification\",\"valueRequired\":true,\"valueName\":\"search_term_string\"}}],\"inLanguage\":\"de\"}]}<\/script>\n<!-- \/ Yoast SEO plugin. -->","yoast_head_json":{"title":"Angebote und Sonderaktionen \u2013 Urlaub auf Djerba | Royal Karthago Thalasso & Spa","description":"Buchen Sie Ihr Hotel auf Djerba und profitieren Sie von unseren Angeboten und Sonderaktionen. G\u00f6nnen Sie sich 4-Sterne-Komfort und Zugang zu unserem Thalasso-Center f\u00fcr einen au\u00dfergew\u00f6hnlichen Aufenthalt.","robots":{"index":"index","follow":"follow","max-snippet":"max-snippet:-1","max-image-preview":"max-image-preview:large","max-video-preview":"max-video-preview:-1"},"canonical":"https:\/\/www.royal-karthago.com\/de\/sonderangebote\/","og_locale":"de_DE","og_type":"article","og_title":"Angebote und Sonderaktionen \u2013 Urlaub auf Djerba | Royal Karthago Thalasso & Spa","og_description":"Buchen Sie Ihr Hotel auf Djerba und profitieren Sie von unseren Angeboten und Sonderaktionen. G\u00f6nnen Sie sich 4-Sterne-Komfort und Zugang zu unserem Thalasso-Center f\u00fcr einen au\u00dfergew\u00f6hnlichen Aufenthalt.","og_url":"https:\/\/www.royal-karthago.com\/de\/sonderangebote\/","og_site_name":"Royal Karthago Djerba","article_modified_time":"2026-04-10T14:40:53+00:00","twitter_card":"summary_large_image","schema":{"@context":"https:\/\/schema.org","@graph":[{"@type":"WebPage","@id":"https:\/\/www.royal-karthago.com\/de\/sonderangebote\/","url":"https:\/\/www.royal-karthago.com\/de\/sonderangebote\/","name":"Angebote und Sonderaktionen \u2013 Urlaub auf Djerba | Royal Karthago Thalasso & Spa","isPartOf":{"@id":"https:\/\/www.royal-karthago.com\/de\/#website"},"datePublished":"2026-03-11T14:16:57+00:00","dateModified":"2026-04-10T14:40:53+00:00","description":"Buchen Sie Ihr Hotel auf Djerba und profitieren Sie von unseren Angeboten und Sonderaktionen. G\u00f6nnen Sie sich 4-Sterne-Komfort und Zugang zu unserem Thalasso-Center f\u00fcr einen au\u00dfergew\u00f6hnlichen Aufenthalt.","breadcrumb":{"@id":"https:\/\/www.royal-karthago.com\/de\/sonderangebote\/#breadcrumb"},"inLanguage":"de","potentialAction":[{"@type":"ReadAction","target":["https:\/\/www.royal-karthago.com\/de\/sonderangebote\/"]}]},{"@type":"BreadcrumbList","@id":"https:\/\/www.royal-karthago.com\/de\/sonderangebote\/#breadcrumb","itemListElement":[{"@type":"ListItem","position":1,"name":"Home","item":"https:\/\/www.royal-karthago.com\/de\/"},{"@type":"ListItem","position":2,"name":"Sonderangebote"}]},{"@type":"WebSite","@id":"https:\/\/www.royal-karthago.com\/de\/#website","url":"https:\/\/www.royal-karthago.com\/de\/","name":"Royal Karthago Djerba","description":"","potentialAction":[{"@type":"SearchAction","target":{"@type":"EntryPoint","urlTemplate":"https:\/\/www.royal-karthago.com\/de\/?s={search_term_string}"},"query-input":{"@type":"PropertyValueSpecification","valueRequired":true,"valueName":"search_term_string"}}],"inLanguage":"de"}]}},"acf":[],"_links":{"self":[{"href":"https:\/\/www.royal-karthago.com\/de\/wp-json\/wp\/v2\/pages\/268","targetHints":{"allow":["GET"]}}],"collection":[{"href":"https:\/\/www.royal-karthago.com\/de\/wp-json\/wp\/v2\/pages"}],"about":[{"href":"https:\/\/www.royal-karthago.com\/de\/wp-json\/wp\/v2\/types\/page"}],"author":[{"embeddable":true,"href":"https:\/\/www.royal-karthago.com\/de\/wp-json\/wp\/v2\/users\/13"}],"replies":[{"embeddable":true,"href":"https:\/\/www.royal-karthago.com\/de\/wp-json\/wp\/v2\/comments?post=268"}],"version-history":[{"count":0,"href":"https:\/\/www.royal-karthago.com\/de\/wp-json\/wp\/v2\/pages\/268\/revisions"}],"wp:attachment":[{"href":"https:\/\/www.royal-karthago.com\/de\/wp-json\/wp\/v2\/media?parent=268"}],"curies":[{"name":"wp","href":"https:\/\/api.w.org\/{rel}","templated":true}]}}