{"id":262,"date":"2026-03-11T14:19:08","date_gmt":"2026-03-11T14:19:08","guid":{"rendered":"https:\/\/royal-karthago.ms3.decms.eu\/mentions-legales\/"},"modified":"2026-03-26T16:21:36","modified_gmt":"2026-03-26T16:21:36","slug":"rechtliche-hinweise","status":"publish","type":"page","link":"https:\/\/www.royal-karthago.com\/de\/rechtliche-hinweise\/","title":{"rendered":"Rechtliche Hinweise"},"content":{"rendered":"<p>Allgemeine Nutzungsbedingungen und Rechtliche Hinweise \u2013 <a href=\"http:\/\/www.royal-karthago.com\">www.royal-karthago.com<\/a><\/p>\n<h3>Zweck<\/h3>\n<p>Die vorliegenden \u201e<strong>Allgemeinen Nutzungsbedingungen<\/strong>\u201c regeln die rechtlichen Rahmenbedingungen f\u00fcr die Bereitstellung der Dienste der Website <a href=\"http:\/\/www.royal-karthago.com\">www.royal-karthago.com<\/a> und deren Nutzung durch den \u201e<strong>Nutzer<\/strong>\u201c.<br \/>\nDie <strong>Allgemeinen Nutzungsbedingungen<\/strong> m\u00fcssen von jedem Nutzer akzeptiert werden, der auf die Website zugreifen m\u00f6chte. Sie stellen den <strong>Vertrag zwischen der Website und dem Nutzer<\/strong> dar. Der Zugriff auf die Website durch den Nutzer gilt als <strong>Akzeptanz der vorliegenden Allgemeinen Nutzungsbedingungen<\/strong>.<\/p>\n<p><strong>Hinweis:<\/strong><br \/>\nBei Nichtakzeptanz der Bedingungen muss der Nutzer <strong>auf den Zugriff auf die angebotenen Dienste verzichten.<\/strong><br \/>\n<strong>Royal Karthago Djerba<\/strong> beh\u00e4lt sich das Recht vor, den Inhalt dieser <strong>Allgemeinen Nutzungsbedingungen<\/strong> jederzeit zu \u00e4ndern.<\/p>\n<h3>Rechtliche Hinweise<\/h3>\n<p>Die Website <a href=\"http:\/\/www.royal-karthago.com\">www.royal-karthago.com<\/a> wurde erstellt von:<br \/>\n<strong>D-EDGE SAS<\/strong>, 64-66 Rue des Archives, 75003 Paris \u2013 Frankreich, +33(0)1 44 71 04 35.<\/p>\n<p>Die Website wird gehostet von:<br \/>\n<strong>OVH GROUPE SAS<\/strong>, 2, Rue Kellermann, 59100 Roubaix<\/p>\n<h3>Definitionen<\/h3>\n<p>Die vorliegende Klausel definiert die wesentlichen Begriffe des Vertrags:<\/p>\n<p><strong>Nutzer:<\/strong> jede Person, die die Website oder einen der angebotenen Dienste nutzt.<br \/>\n<strong>Nutzerinhalte:<\/strong> alle Daten, die vom Nutzer auf der Website bereitgestellt werden.<br \/>\n<strong>Mitglied:<\/strong> der Nutzer wird Mitglied, sobald er auf der Website identifiziert ist.<\/p>\n<h3>Zugriff auf die Dienste<\/h3>\n<p>Die Website ist kostenlos und weltweit f\u00fcr jeden Nutzer mit Internetzugang zug\u00e4nglich.<br \/>\nAlle Kosten, die dem Nutzer f\u00fcr den Zugriff auf den Dienst entstehen (Hardware, Software, Internetverbindung usw.), tr\u00e4gt der Nutzer selbst.<br \/>\nDie Website setzt alle verf\u00fcgbaren Mittel ein, um einen <strong>qualitativen Zugriff auf die Dienste<\/strong> zu gew\u00e4hrleisten. Da es sich um eine <strong>Aufwandsverpflichtung<\/strong> handelt, \u00fcbernimmt die Website keine Garantie f\u00fcr das Erreichen eines bestimmten Ergebnisses.<\/p>\n<p>Bei <strong>h\u00f6herer Gewalt<\/strong>, die zu einer Funktionsst\u00f6rung des Netzwerks oder Servers f\u00fchrt, \u00fcbernimmt <strong>Royal Karthago Djerba<\/strong> keine Haftung.<br \/>\nDer Zugriff auf die Dienste kann jederzeit <strong>unterbrochen, ausgesetzt oder ge\u00e4ndert<\/strong> werden, z.\u202fB. f\u00fcr Wartungsarbeiten oder aus anderen Gr\u00fcnden, ohne vorherige Ank\u00fcndigung. Der Nutzer verpflichtet sich, <strong>keine Entsch\u00e4digung<\/strong> wegen Unterbrechung, Aussetzung oder \u00c4nderung zu verlangen.<\/p>\n<p>Der Nutzer kann die Website per E-Mail unter <a class=\"link mt-3 mt-lg-0 me-lg-4\" href=\"mailto:contact@royalkarthago.com\">contact@royalkarthago.com<\/a> kontaktieren.<\/p>\n<h3>Geistiges Eigentum<\/h3>\n<p>Marken, Logos, Zeichen und alle Inhalte der Website sind <strong>durch das Urheberrecht<\/strong> und andere Vorschriften des geistigen Eigentums gesch\u00fctzt.<br \/>\nDer Nutzer muss die <strong>vorherige Erlaubnis der Website<\/strong> einholen, bevor er Inhalte <strong>reproduziert, ver\u00f6ffentlicht oder kopiert.<\/strong><\/p>\n<p>Alle Inhalte, die vom Nutzer hochgeladen werden, liegen <strong>in seiner alleinigen Verantwortung<\/strong>.<br \/>\nDer Nutzer verpflichtet sich, <strong>keine Inhalte hochzuladen<\/strong>, die die Interessen Dritter verletzen. <strong>Rechtsanspr\u00fcche Dritter<\/strong> gegen die Website werden vom Nutzer getragen.<\/p>\n<p>Die Inhalte des Nutzers k\u00f6nnen jederzeit und aus beliebigen Gr\u00fcnden von der Website gel\u00f6scht oder ge\u00e4ndert werden. Der Nutzer erh\u00e4lt <strong>keine vorherige Benachrichtigung oder Rechtfertigung.<\/strong><\/p>\n<h3>Pers\u00f6nliche Daten<\/h3>\n<p>Die bei der Registrierung angeforderten Informationen sind <strong>notwendig und verpflichtend<\/strong> f\u00fcr die Erstellung des Nutzerkontos.<br \/>\nInsbesondere die E-Mail-Adresse kann von der Website f\u00fcr <strong>Verwaltung, Management und Servicebetreuung<\/strong> verwendet werden.<br \/>\nDie Website gew\u00e4hrleistet die <strong>Erhebung und Verarbeitung pers\u00f6nlicher Daten<\/strong> unter Beachtung des Datenschutzes.<\/p>\n<p>Der Nutzer hat das Recht auf <strong>Zugang, Berichtigung, L\u00f6schung und Widerspruch<\/strong> seiner pers\u00f6nlichen Daten.<br \/>\nDieses Recht kann ausge\u00fcbt werden:<\/p>\n<p>\u00fcber ein Kontaktformular<br \/>\nper E-Mail an <a class=\"link mt-3 mt-lg-0 me-lg-4\" href=\"mailto:contact@royalkarthago.com\">contact@royalkarthago.com<\/a><\/p>\n<h3>Externe Links<\/h3>\n<p>Die Links auf externe Websites verpflichten <a href=\"http:\/\/www.royal-karthago.com\">www.royal-karthago.com<\/a> in keiner Weise; die Website hat <strong>keine Kontrolle \u00fcber diese Links.<\/strong><br \/>\nDer Nutzer verpflichtet sich, <strong>keine Haftung der Website<\/strong> f\u00fcr Inhalte oder Ressourcen externer Links geltend zu machen.<\/p>\n<h3>Vertrags\u00e4nderung<\/h3>\n<p>Die Website beh\u00e4lt sich jederzeit das Recht vor, die <strong>Bestimmungen dieses Vertrags<\/strong> zu \u00e4ndern.<\/p>\n<p>&nbsp;<\/p>\n","protected":false},"excerpt":{"rendered":"<p>Allgemeine Nutzungsbedingungen und Rechtliche Hinweise \u2013 www.royal-karthago.com Zweck Die vorliegenden \u201eAllgemeinen Nutzungsbedingungen\u201c regeln die rechtlichen Rahmenbedingungen f\u00fcr die Bereitstellung der Dienste der Website www.royal-karthago.com und deren Nutzung durch den \u201eNutzer\u201c. Die Allgemeinen Nutzungsbedingungen m\u00fcssen von jedem Nutzer akzeptiert werden, der auf die Website zugreifen m\u00f6chte. Sie stellen den Vertrag zwischen der Website und dem Nutzer [&hellip;]<\/p>\n","protected":false},"author":13,"featured_media":0,"parent":0,"menu_order":12,"comment_status":"closed","ping_status":"closed","template":"template-job.php","meta":{"footnotes":""},"class_list":["post-262","page","type-page","status-publish","hentry"],"yoast_head":"<!-- This site is optimized with the Yoast SEO plugin v26.9 - https:\/\/yoast.com\/product\/yoast-seo-wordpress\/ -->\n<title>Rechtliche Hinweise - Royal Karthago Djerba<\/title>\n<meta name=\"description\" content=\"Allgemeine Nutzungsbedingungen und Rechtliche Hinweise \u2013 www.royal-karthago.com Zweck Die vorliegenden \u201eAllgemeinen Nutzungsbedingungen\u201c regeln die rechtlichen Rahmenbedingungen f\u00fcr die Bereitstellung der Dienste der Website www.royal-karthago.com und deren Nutzung durch den \u201eNutzer\u201c. Die Allgemeinen Nutzungsbedingungen m\u00fcssen von jedem Nutzer akzeptiert werden, der auf die Website zugreifen m\u00f6chte. Sie stellen den Vertrag zwischen der Website und dem Nutzer dar\" \/>\n<meta name=\"robots\" content=\"index, follow, max-snippet:-1, max-image-preview:large, max-video-preview:-1\" \/>\n<link rel=\"canonical\" href=\"https:\/\/www.royal-karthago.com\/de\/rechtliche-hinweise\/\" \/>\n<meta property=\"og:locale\" content=\"de_DE\" \/>\n<meta property=\"og:type\" content=\"article\" \/>\n<meta property=\"og:title\" content=\"Rechtliche Hinweise - Royal Karthago Djerba\" \/>\n<meta property=\"og:description\" content=\"Allgemeine Nutzungsbedingungen und Rechtliche Hinweise \u2013 www.royal-karthago.com Zweck Die vorliegenden \u201eAllgemeinen Nutzungsbedingungen\u201c regeln die rechtlichen Rahmenbedingungen f\u00fcr die Bereitstellung der Dienste der Website www.royal-karthago.com und deren Nutzung durch den \u201eNutzer\u201c. Die Allgemeinen Nutzungsbedingungen m\u00fcssen von jedem Nutzer akzeptiert werden, der auf die Website zugreifen m\u00f6chte. Sie stellen den Vertrag zwischen der Website und dem Nutzer dar\" \/>\n<meta property=\"og:url\" content=\"https:\/\/www.royal-karthago.com\/de\/rechtliche-hinweise\/\" \/>\n<meta property=\"og:site_name\" content=\"Royal Karthago Djerba\" \/>\n<meta property=\"article:modified_time\" content=\"2026-03-26T16:21:36+00:00\" \/>\n<meta name=\"twitter:card\" content=\"summary_large_image\" \/>\n<meta name=\"twitter:label1\" content=\"Est. reading time\" \/>\n\t<meta name=\"twitter:data1\" content=\"3\u00a0Minuten\" \/>\n<script type=\"application\/ld+json\" class=\"yoast-schema-graph\">{\"@context\":\"https:\/\/schema.org\",\"@graph\":[{\"@type\":\"WebPage\",\"@id\":\"https:\/\/www.royal-karthago.com\/de\/rechtliche-hinweise\/\",\"url\":\"https:\/\/www.royal-karthago.com\/de\/rechtliche-hinweise\/\",\"name\":\"Rechtliche Hinweise - Royal Karthago Djerba\",\"isPartOf\":{\"@id\":\"https:\/\/www.royal-karthago.com\/de\/#website\"},\"datePublished\":\"2026-03-11T14:19:08+00:00\",\"dateModified\":\"2026-03-26T16:21:36+00:00\",\"description\":\"Allgemeine Nutzungsbedingungen und Rechtliche Hinweise \u2013 www.royal-karthago.com Zweck Die vorliegenden \u201eAllgemeinen Nutzungsbedingungen\u201c regeln die rechtlichen Rahmenbedingungen f\u00fcr die Bereitstellung der Dienste der Website www.royal-karthago.com und deren Nutzung durch den \u201eNutzer\u201c. Die Allgemeinen Nutzungsbedingungen m\u00fcssen von jedem Nutzer akzeptiert werden, der auf die Website zugreifen m\u00f6chte. Sie stellen den Vertrag zwischen der Website und dem Nutzer dar\",\"breadcrumb\":{\"@id\":\"https:\/\/www.royal-karthago.com\/de\/rechtliche-hinweise\/#breadcrumb\"},\"inLanguage\":\"de\",\"potentialAction\":[{\"@type\":\"ReadAction\",\"target\":[\"https:\/\/www.royal-karthago.com\/de\/rechtliche-hinweise\/\"]}]},{\"@type\":\"BreadcrumbList\",\"@id\":\"https:\/\/www.royal-karthago.com\/de\/rechtliche-hinweise\/#breadcrumb\",\"itemListElement\":[{\"@type\":\"ListItem\",\"position\":1,\"name\":\"Home\",\"item\":\"https:\/\/www.royal-karthago.com\/de\/\"},{\"@type\":\"ListItem\",\"position\":2,\"name\":\"Rechtliche Hinweise\"}]},{\"@type\":\"WebSite\",\"@id\":\"https:\/\/www.royal-karthago.com\/de\/#website\",\"url\":\"https:\/\/www.royal-karthago.com\/de\/\",\"name\":\"Royal Karthago Djerba\",\"description\":\"\",\"potentialAction\":[{\"@type\":\"SearchAction\",\"target\":{\"@type\":\"EntryPoint\",\"urlTemplate\":\"https:\/\/www.royal-karthago.com\/de\/?s={search_term_string}\"},\"query-input\":{\"@type\":\"PropertyValueSpecification\",\"valueRequired\":true,\"valueName\":\"search_term_string\"}}],\"inLanguage\":\"de\"}]}<\/script>\n<!-- \/ Yoast SEO plugin. -->","yoast_head_json":{"title":"Rechtliche Hinweise - Royal Karthago Djerba","description":"Allgemeine Nutzungsbedingungen und Rechtliche Hinweise \u2013 www.royal-karthago.com Zweck Die vorliegenden \u201eAllgemeinen Nutzungsbedingungen\u201c regeln die rechtlichen Rahmenbedingungen f\u00fcr die Bereitstellung der Dienste der Website www.royal-karthago.com und deren Nutzung durch den \u201eNutzer\u201c. Die Allgemeinen Nutzungsbedingungen m\u00fcssen von jedem Nutzer akzeptiert werden, der auf die Website zugreifen m\u00f6chte. Sie stellen den Vertrag zwischen der Website und dem Nutzer dar","robots":{"index":"index","follow":"follow","max-snippet":"max-snippet:-1","max-image-preview":"max-image-preview:large","max-video-preview":"max-video-preview:-1"},"canonical":"https:\/\/www.royal-karthago.com\/de\/rechtliche-hinweise\/","og_locale":"de_DE","og_type":"article","og_title":"Rechtliche Hinweise - Royal Karthago Djerba","og_description":"Allgemeine Nutzungsbedingungen und Rechtliche Hinweise \u2013 www.royal-karthago.com Zweck Die vorliegenden \u201eAllgemeinen Nutzungsbedingungen\u201c regeln die rechtlichen Rahmenbedingungen f\u00fcr die Bereitstellung der Dienste der Website www.royal-karthago.com und deren Nutzung durch den \u201eNutzer\u201c. Die Allgemeinen Nutzungsbedingungen m\u00fcssen von jedem Nutzer akzeptiert werden, der auf die Website zugreifen m\u00f6chte. Sie stellen den Vertrag zwischen der Website und dem Nutzer dar","og_url":"https:\/\/www.royal-karthago.com\/de\/rechtliche-hinweise\/","og_site_name":"Royal Karthago Djerba","article_modified_time":"2026-03-26T16:21:36+00:00","twitter_card":"summary_large_image","twitter_misc":{"Est. reading time":"3\u00a0Minuten"},"schema":{"@context":"https:\/\/schema.org","@graph":[{"@type":"WebPage","@id":"https:\/\/www.royal-karthago.com\/de\/rechtliche-hinweise\/","url":"https:\/\/www.royal-karthago.com\/de\/rechtliche-hinweise\/","name":"Rechtliche Hinweise - Royal Karthago Djerba","isPartOf":{"@id":"https:\/\/www.royal-karthago.com\/de\/#website"},"datePublished":"2026-03-11T14:19:08+00:00","dateModified":"2026-03-26T16:21:36+00:00","description":"Allgemeine Nutzungsbedingungen und Rechtliche Hinweise \u2013 www.royal-karthago.com Zweck Die vorliegenden \u201eAllgemeinen Nutzungsbedingungen\u201c regeln die rechtlichen Rahmenbedingungen f\u00fcr die Bereitstellung der Dienste der Website www.royal-karthago.com und deren Nutzung durch den \u201eNutzer\u201c. Die Allgemeinen Nutzungsbedingungen m\u00fcssen von jedem Nutzer akzeptiert werden, der auf die Website zugreifen m\u00f6chte. Sie stellen den Vertrag zwischen der Website und dem Nutzer dar","breadcrumb":{"@id":"https:\/\/www.royal-karthago.com\/de\/rechtliche-hinweise\/#breadcrumb"},"inLanguage":"de","potentialAction":[{"@type":"ReadAction","target":["https:\/\/www.royal-karthago.com\/de\/rechtliche-hinweise\/"]}]},{"@type":"BreadcrumbList","@id":"https:\/\/www.royal-karthago.com\/de\/rechtliche-hinweise\/#breadcrumb","itemListElement":[{"@type":"ListItem","position":1,"name":"Home","item":"https:\/\/www.royal-karthago.com\/de\/"},{"@type":"ListItem","position":2,"name":"Rechtliche Hinweise"}]},{"@type":"WebSite","@id":"https:\/\/www.royal-karthago.com\/de\/#website","url":"https:\/\/www.royal-karthago.com\/de\/","name":"Royal Karthago Djerba","description":"","potentialAction":[{"@type":"SearchAction","target":{"@type":"EntryPoint","urlTemplate":"https:\/\/www.royal-karthago.com\/de\/?s={search_term_string}"},"query-input":{"@type":"PropertyValueSpecification","valueRequired":true,"valueName":"search_term_string"}}],"inLanguage":"de"}]}},"acf":[],"_links":{"self":[{"href":"https:\/\/www.royal-karthago.com\/de\/wp-json\/wp\/v2\/pages\/262","targetHints":{"allow":["GET"]}}],"collection":[{"href":"https:\/\/www.royal-karthago.com\/de\/wp-json\/wp\/v2\/pages"}],"about":[{"href":"https:\/\/www.royal-karthago.com\/de\/wp-json\/wp\/v2\/types\/page"}],"author":[{"embeddable":true,"href":"https:\/\/www.royal-karthago.com\/de\/wp-json\/wp\/v2\/users\/13"}],"replies":[{"embeddable":true,"href":"https:\/\/www.royal-karthago.com\/de\/wp-json\/wp\/v2\/comments?post=262"}],"version-history":[{"count":0,"href":"https:\/\/www.royal-karthago.com\/de\/wp-json\/wp\/v2\/pages\/262\/revisions"}],"wp:attachment":[{"href":"https:\/\/www.royal-karthago.com\/de\/wp-json\/wp\/v2\/media?parent=262"}],"curies":[{"name":"wp","href":"https:\/\/api.w.org\/{rel}","templated":true}]}}